{"id":9240,"date":"2025-11-01T00:56:17","date_gmt":"2025-11-01T00:56:17","guid":{"rendered":"https:\/\/edcelulares.com.br\/?post_type=product&#038;p=9240"},"modified":"2025-11-18T22:47:50","modified_gmt":"2025-11-18T22:47:50","slug":"iphone-16-pro-256gb-seminovo","status":"publish","type":"product","link":"https:\/\/edcelulares.com.br\/pt\/produto\/iphone-16-pro-256gb-seminovo\/","title":{"rendered":"iPhone 16 Pro 256 GB \u2013 Seminovo Vitrine (Bateria 85%-100%)"},"content":{"rendered":"<ul data-start=\"1168\" data-end=\"1688\">\n<li data-start=\"1533\" data-end=\"1688\">\n<p data-start=\"316\" data-end=\"608\">O iPhone 16 Pro 256 GB \u00e9 um aparelho <strong data-start=\"401\" data-end=\"424\">seminovo de vitrine<\/strong>, <strong data-start=\"426\" data-end=\"438\">original<\/strong>, <strong data-start=\"440\" data-end=\"451\">testado<\/strong> e com <strong data-start=\"458\" data-end=\"493\">garantia de funcionamento total<\/strong>, pronto para uso imediato.<br data-start=\"520\" data-end=\"523\" \/>A bateria est\u00e1 entre <strong data-start=\"544\" data-end=\"572\">85% e 100% de capacidade<\/strong>, garantindo excelente desempenho.<\/p>\n<p data-start=\"610\" data-end=\"989\">Equipado com o chip <strong data-start=\"630\" data-end=\"647\">Apple A18 Pro<\/strong>, o aparelho oferece desempenho extremo em todas as tarefas, desde fotografia profissional at\u00e9 aplicativos e jogos mais exigentes.<br data-start=\"777\" data-end=\"780\" \/>A tela <strong data-start=\"787\" data-end=\"815\">Super Retina XDR de 6,1\u201d<\/strong> proporciona cores vivas, contraste profundo e experi\u00eancia visual premium.<br data-start=\"889\" data-end=\"892\" \/>O sistema de c\u00e2meras Pro garante fotos e v\u00eddeos de alta qualidade, mantendo a excel\u00eancia Apple.<\/p>\n<p data-start=\"991\" data-end=\"1218\">\u2705 Produto original e testado<br data-start=\"1019\" data-end=\"1022\" \/>\u2705 Bateria entre 85% e 100% de capacidade<br data-start=\"1062\" data-end=\"1065\" \/>\u2705 Garantia de funcionamento total<br data-start=\"1098\" data-end=\"1101\" \/>\u2705 Pronto para uso imediato<br data-start=\"1127\" data-end=\"1130\" \/>\u26a0\ufe0f Por se tratar de produto seminovo, <strong data-start=\"1168\" data-end=\"1216\">n\u00e3o acompanha cabo, manual ou caixa original<\/strong><\/p>\n<\/li>\n<\/ul>","protected":false},"excerpt":{"rendered":"<ul>\n<li>\n<p data-start=\"5179\" data-end=\"5284\">iPhone 16 Pro 256 GB seminovo de vitrine, bateria 85%-100%, original, testado e pronto para uso imediato.<\/p>\n<\/li>\n<\/ul>","protected":false},"featured_media":9288,"comment_status":"open","ping_status":"closed","template":"","meta":{"_acf_changed":false,"om_disable_all_campaigns":false,"pagelayer_contact_templates":[],"_pagelayer_content":"","_monsterinsights_skip_tracking":false,"_monsterinsights_sitenote_active":false,"_monsterinsights_sitenote_note":"","_monsterinsights_sitenote_category":0},"product_brand":[236],"product_cat":[746],"product_tag":[551],"class_list":{"0":"post-9240","1":"product","2":"type-product","3":"status-publish","4":"has-post-thumbnail","6":"product_brand-iphone","7":"product_cat-celular-seminovo","8":"product_tag-iphone-16-pro-256-gb-seminovo-original-apple-bateria-85-100-garantia-total-pronto-para-uso-desert-preto-natura","10":"first","11":"instock","12":"sale","13":"taxable","14":"shipping-taxable","15":"purchasable","16":"product-type-variable"},"acf":{"sob_encomenda":false,"desconto_automatico":"30","desconto_ativo":true},"aioseo_notices":[],"_links":{"self":[{"href":"https:\/\/edcelulares.com.br\/pt\/wp-json\/wp\/v2\/product\/9240","targetHints":{"allow":["GET"]}}],"collection":[{"href":"https:\/\/edcelulares.com.br\/pt\/wp-json\/wp\/v2\/product"}],"about":[{"href":"https:\/\/edcelulares.com.br\/pt\/wp-json\/wp\/v2\/types\/product"}],"replies":[{"embeddable":true,"href":"https:\/\/edcelulares.com.br\/pt\/wp-json\/wp\/v2\/comments?post=9240"}],"wp:featuredmedia":[{"embeddable":true,"href":"https:\/\/edcelulares.com.br\/pt\/wp-json\/wp\/v2\/media\/9288"}],"wp:attachment":[{"href":"https:\/\/edcelulares.com.br\/pt\/wp-json\/wp\/v2\/media?parent=9240"}],"wp:term":[{"taxonomy":"product_brand","embeddable":true,"href":"https:\/\/edcelulares.com.br\/pt\/wp-json\/wp\/v2\/product_brand?post=9240"},{"taxonomy":"product_cat","embeddable":true,"href":"https:\/\/edcelulares.com.br\/pt\/wp-json\/wp\/v2\/product_cat?post=9240"},{"taxonomy":"product_tag","embeddable":true,"href":"https:\/\/edcelulares.com.br\/pt\/wp-json\/wp\/v2\/product_tag?post=9240"}],"curies":[{"name":"wp","href":"https:\/\/api.w.org\/{rel}","templated":true}]}}