{"id":9234,"date":"2025-11-01T00:18:40","date_gmt":"2025-11-01T00:18:40","guid":{"rendered":"https:\/\/edcelulares.com.br\/?post_type=product&#038;p=9234"},"modified":"2025-12-09T16:17:41","modified_gmt":"2025-12-09T16:17:41","slug":"iphone-16-pro-max-256gb-seminovo","status":"publish","type":"product","link":"https:\/\/edcelulares.com.br\/pt\/produto\/iphone-16-pro-max-256gb-seminovo\/","title":{"rendered":"iPhone 16 Pro Max 256 GB \u2013 Seminovo Vitrine (Bateria 100%)"},"content":{"rendered":"<ul data-start=\"1168\" data-end=\"1688\">\n<li data-start=\"1533\" data-end=\"1688\">\n<p data-start=\"1435\" data-end=\"1722\">O iPhone 16 Pro Max 256 GB \u00e9 um aparelho <strong data-start=\"1524\" data-end=\"1547\">seminovo de vitrine<\/strong>, <strong data-start=\"1549\" data-end=\"1561\">original<\/strong>, <strong data-start=\"1563\" data-end=\"1574\">testado<\/strong> e com <strong data-start=\"1581\" data-end=\"1616\">garantia de funcionamento total<\/strong>, pronto para uso imediato.<br data-start=\"1643\" data-end=\"1646\" \/>A bateria est\u00e1 com <strong data-start=\"1665\" data-end=\"1687\">100% de capacidade<\/strong>, garantindo excelente autonomia.<\/p>\n<p data-start=\"1724\" data-end=\"2121\">Equipado com o chip <strong data-start=\"1744\" data-end=\"1761\">Apple A18 Pro<\/strong>, oferece desempenho extremo em todas as tarefas, desde fotografia profissional at\u00e9 aplicativos e jogos mais exigentes.<br data-start=\"1880\" data-end=\"1883\" \/>A tela <strong data-start=\"1890\" data-end=\"1918\">Super Retina XDR de 6,9\u201d<\/strong> proporciona cores vivas, contraste profundo e experi\u00eancia visual premium.<br data-start=\"1992\" data-end=\"1995\" \/>O sistema de c\u00e2meras Pro garante fotos e v\u00eddeos de alt\u00edssima qualidade, mantendo a excel\u00eancia Apple que os usu\u00e1rios esperam.<\/p>\n<p data-start=\"2123\" data-end=\"2341\">\u2705 Produto original e testado<br data-start=\"2151\" data-end=\"2154\" \/>\u2705 Bateria em 100% de capacidade<br data-start=\"2185\" data-end=\"2188\" \/>\u2705 Garantia de funcionamento total<br data-start=\"2221\" data-end=\"2224\" \/>\u2705 Pronto para uso imediato<br data-start=\"2250\" data-end=\"2253\" \/>\u26a0\ufe0f Por se tratar de produto seminovo, <strong data-start=\"2291\" data-end=\"2339\">n\u00e3o acompanha cabo, manual ou caixa original<\/strong><\/p>\n<\/li>\n<\/ul>","protected":false},"excerpt":{"rendered":"<ul>\n<li>\n<p data-start=\"5179\" data-end=\"5284\">iPhone 16 Pro Max 256 GB seminovo de vitrine, bateria 100%, original, testado e pronto para uso imediato.<\/p>\n<\/li>\n<\/ul>","protected":false},"featured_media":9239,"comment_status":"open","ping_status":"closed","template":"","meta":{"_acf_changed":false,"om_disable_all_campaigns":false,"pagelayer_contact_templates":[],"_pagelayer_content":"","_monsterinsights_skip_tracking":false,"_monsterinsights_sitenote_active":false,"_monsterinsights_sitenote_note":"","_monsterinsights_sitenote_category":0},"product_brand":[236],"product_cat":[746],"product_tag":[549],"class_list":{"0":"post-9234","1":"product","2":"type-product","3":"status-publish","4":"has-post-thumbnail","6":"product_brand-iphone","7":"product_cat-celular-seminovo","8":"product_tag-iphone-16-pro-max-256-gb-seminovo-original-apple-bateria-100-garantia-total-pronto-para-uso-preto-desert","10":"first","11":"instock","12":"sale","13":"taxable","14":"shipping-taxable","15":"purchasable","16":"product-type-variable"},"acf":{"sob_encomenda":false,"desconto_automatico":"30","desconto_ativo":true},"aioseo_notices":[],"_links":{"self":[{"href":"https:\/\/edcelulares.com.br\/pt\/wp-json\/wp\/v2\/product\/9234","targetHints":{"allow":["GET"]}}],"collection":[{"href":"https:\/\/edcelulares.com.br\/pt\/wp-json\/wp\/v2\/product"}],"about":[{"href":"https:\/\/edcelulares.com.br\/pt\/wp-json\/wp\/v2\/types\/product"}],"replies":[{"embeddable":true,"href":"https:\/\/edcelulares.com.br\/pt\/wp-json\/wp\/v2\/comments?post=9234"}],"wp:featuredmedia":[{"embeddable":true,"href":"https:\/\/edcelulares.com.br\/pt\/wp-json\/wp\/v2\/media\/9239"}],"wp:attachment":[{"href":"https:\/\/edcelulares.com.br\/pt\/wp-json\/wp\/v2\/media?parent=9234"}],"wp:term":[{"taxonomy":"product_brand","embeddable":true,"href":"https:\/\/edcelulares.com.br\/pt\/wp-json\/wp\/v2\/product_brand?post=9234"},{"taxonomy":"product_cat","embeddable":true,"href":"https:\/\/edcelulares.com.br\/pt\/wp-json\/wp\/v2\/product_cat?post=9234"},{"taxonomy":"product_tag","embeddable":true,"href":"https:\/\/edcelulares.com.br\/pt\/wp-json\/wp\/v2\/product_tag?post=9234"}],"curies":[{"name":"wp","href":"https:\/\/api.w.org\/{rel}","templated":true}]}}