{"id":9155,"date":"2025-10-30T22:49:16","date_gmt":"2025-10-30T22:49:16","guid":{"rendered":"https:\/\/edcelulares.com.br\/?post_type=product&#038;p=9155"},"modified":"2025-11-18T22:50:38","modified_gmt":"2025-11-18T22:50:38","slug":"redmi-15c-128gb-4gb-ram","status":"publish","type":"product","link":"https:\/\/edcelulares.com.br\/pt\/produto\/redmi-15c-128gb-4gb-ram\/","title":{"rendered":"Redmi 15C 128GB 4GB RAM \u2013 Tela 6,9\u2033 HD+ 120 Hz, Android, Bateria 6000 mAh"},"content":{"rendered":"<p data-start=\"558\" data-end=\"1149\">bateria de <strong data-start=\"720\" data-end=\"732\">6000 mAh<\/strong> para horas de reprodu\u00e7\u00e3o e uso prolongado, tela imersiva de <strong data-start=\"793\" data-end=\"820\">6,9\u2033 HD+ com at\u00e9 120 Hz<\/strong> para navega\u00e7\u00e3o e v\u00eddeos suaves, e configura\u00e7\u00e3o de mem\u00f3ria\/armazenamento adequada para guardar m\u00eddias e apps. O modelo traz constru\u00e7\u00e3o fina (\u22487.99 mm) com resist\u00eancia b\u00e1sica IP64 e leitor lateral de impress\u00f5es digitais \u2014 ideal para quem busca longa autonomia sem abrir m\u00e3o de fluidez b\u00e1sica. <span class=\"\" data-state=\"closed\"><span class=\"ms-1 inline-flex max-w-full items-center relative top-[-0.094rem] animate-[show_150ms_ease-in]\" data-testid=\"webpage-citation-pill\"><a class=\"flex h-4.5 overflow-hidden rounded-xl px-2 text-[9px] font-medium transition-colors duration-150 ease-in-out text-token-text-secondary! bg-[#F4F4F4]! dark:bg-[#303030]!\" href=\"https:\/\/www.mi.com\/ae-en\/product\/redmi-15c\/specs\/?utm_source=chatgpt.com\" target=\"_blank\" rel=\"noopener\"><span class=\"relative start-0 bottom-0 flex h-full w-full items-center\"><span class=\"flex h-4 w-full items-center justify-between\"><span class=\"max-w-[15ch] grow truncate overflow-hidden text-center\">Xiaomi<\/span><span class=\"-me-1 flex h-full items-center rounded-full px-1 text-[#8F8F8F]\">+1<\/span><\/span><\/span><\/a><\/span><\/span><\/p>\n<p data-start=\"1151\" data-end=\"1167\"><strong data-start=\"1151\" data-end=\"1165\">Destaques:<\/strong><\/p>\n<ul data-start=\"1168\" data-end=\"1688\">\n<li data-start=\"1168\" data-end=\"1274\">\n<p data-start=\"1170\" data-end=\"1274\">Bateria massiva de <strong data-start=\"1189\" data-end=\"1201\">6000 mAh<\/strong> com carregamento r\u00e1pido <strong data-start=\"1226\" data-end=\"1233\">33W<\/strong>. <span class=\"\" data-state=\"closed\"><span class=\"ms-1 inline-flex max-w-full items-center relative top-[-0.094rem] animate-[show_150ms_ease-in]\" data-testid=\"webpage-citation-pill\"><a class=\"flex h-4.5 overflow-hidden rounded-xl px-2 text-[9px] font-medium transition-colors duration-150 ease-in-out text-token-text-secondary! bg-[#F4F4F4]! dark:bg-[#303030]!\" href=\"https:\/\/www.mi.com\/global\/product\/redmi-15c\/specs\/?utm_source=chatgpt.com\" target=\"_blank\" rel=\"noopener\"><span class=\"relative start-0 bottom-0 flex h-full w-full items-center\"><span class=\"flex h-4 w-full items-center justify-between overflow-hidden\"><span class=\"max-w-[15ch] grow truncate overflow-hidden text-center\">Xiaomi<\/span><\/span><\/span><\/a><\/span><\/span><\/p>\n<\/li>\n<li data-start=\"1275\" data-end=\"1397\">\n<p data-start=\"1277\" data-end=\"1397\">Tela <strong data-start=\"1282\" data-end=\"1318\">6,9\u2033 HD+ (1600\u00d7720) \/ at\u00e9 120 Hz<\/strong> \u2014 \u00f3timo para conte\u00fado e jogos casuais. <span class=\"\" data-state=\"closed\"><span class=\"ms-1 inline-flex max-w-full items-center relative top-[-0.094rem] animate-[show_150ms_ease-in]\" data-testid=\"webpage-citation-pill\"><a class=\"flex h-4.5 overflow-hidden rounded-xl px-2 text-[9px] font-medium transition-colors duration-150 ease-in-out text-token-text-secondary! bg-[#F4F4F4]! dark:bg-[#303030]!\" href=\"https:\/\/www.mi.com\/ae-en\/product\/redmi-15c\/specs\/?utm_source=chatgpt.com\" target=\"_blank\" rel=\"noopener\"><span class=\"relative start-0 bottom-0 flex h-full w-full items-center\"><span class=\"flex h-4 w-full items-center justify-between overflow-hidden\"><span class=\"max-w-[15ch] grow truncate overflow-hidden text-center\">Xiaomi<\/span><\/span><\/span><\/a><\/span><\/span><\/p>\n<\/li>\n<li data-start=\"1398\" data-end=\"1532\">\n<p data-start=\"1400\" data-end=\"1532\">Armazenamento <strong data-start=\"1414\" data-end=\"1424\">128 GB<\/strong> (expans\u00edvel via microSD) e <strong data-start=\"1452\" data-end=\"1464\">4 GB RAM<\/strong> (suporta memory extension). <span class=\"\" data-state=\"closed\"><span class=\"ms-1 inline-flex max-w-full items-center relative top-[-0.094rem] animate-[show_150ms_ease-in]\" data-testid=\"webpage-citation-pill\"><a class=\"flex h-4.5 overflow-hidden rounded-xl px-2 text-[9px] font-medium transition-colors duration-150 ease-in-out text-token-text-secondary! bg-[#F4F4F4]! dark:bg-[#303030]!\" href=\"https:\/\/www.mi.com\/global\/product\/redmi-15c\/specs\/?utm_source=chatgpt.com\" target=\"_blank\" rel=\"noopener\"><span class=\"relative start-0 bottom-0 flex h-full w-full items-center\"><span class=\"flex h-4 w-full items-center justify-between overflow-hidden\"><span class=\"max-w-[15ch] grow truncate overflow-hidden text-center\">Xiaomi<\/span><\/span><\/span><\/a><\/span><\/span><\/p>\n<\/li>\n<li data-start=\"1533\" data-end=\"1688\">\n<p data-start=\"1535\" data-end=\"1688\">C\u00e2mera traseira principal de <strong data-start=\"1564\" data-end=\"1573\">50 MP<\/strong> (configura\u00e7\u00e3o de sensor principal + auxiliar) e c\u00e2mera frontal para selfies. <span class=\"\" data-state=\"closed\"><span class=\"ms-1 inline-flex max-w-full items-center relative top-[-0.094rem] animate-[show_150ms_ease-in]\" data-testid=\"webpage-citation-pill\"><a class=\"flex h-4.5 overflow-hidden rounded-xl px-2 text-[9px] font-medium transition-colors duration-150 ease-in-out text-token-text-secondary! bg-[#F4F4F4]! dark:bg-[#303030]!\" href=\"https:\/\/www.tudocelular.com\/Redmi\/fichas-tecnicas\/n10116\/Redmi-15C.html?utm_source=chatgpt.com\" target=\"_blank\" rel=\"noopener\"><span class=\"relative start-0 bottom-0 flex h-full w-full items-center\"><span class=\"flex h-4 w-full items-center justify-between\"><span class=\"max-w-[15ch] grow truncate overflow-hidden text-center\">tudocelular.com<\/span><span class=\"-me-1 flex h-full items-center rounded-full px-1 text-[#8F8F8F]\">+1<\/span><\/span><\/span><\/a><\/span><\/span><\/p>\n<\/li>\n<\/ul>\n","protected":false},"excerpt":{"rendered":"<ul>\n<li>\n<p data-start=\"5179\" data-end=\"5284\">Redmi 15C 128GB \/ 4GB \u2014 Tela 6,9\u2033 120 Hz, bateria 6000 mAh, c\u00e2mera 50 MP. Perfeito para quem precisa de autonomia e espa\u00e7o. <span class=\"\" data-state=\"closed\"><span class=\"ms-1 inline-flex max-w-full items-center relative top-[-0.094rem] animate-[show_150ms_ease-in]\" data-testid=\"webpage-citation-pill\"><a class=\"flex h-4.5 overflow-hidden rounded-xl px-2 text-[9px] font-medium transition-colors duration-150 ease-in-out text-token-text-secondary! bg-[#F4F4F4]! dark:bg-[#303030]!\" href=\"https:\/\/www.mi.com\/ae-en\/product\/redmi-15c\/specs\/?utm_source=chatgpt.com\" target=\"_blank\" rel=\"noopener\"><span class=\"relative start-0 bottom-0 flex h-full w-full items-center\"><span class=\"flex h-4 w-full items-center justify-between\"><span class=\"max-w-[15ch] grow truncate overflow-hidden text-center\">Xiaomi<\/span><span class=\"-me-1 flex h-full items-center rounded-full px-1 text-[#8F8F8F]\">+1<\/span><\/span><\/span><\/a><\/span><\/span><\/p>\n<\/li>\n<\/ul>\n","protected":false},"featured_media":9160,"comment_status":"open","ping_status":"closed","template":"","meta":{"_acf_changed":false,"om_disable_all_campaigns":false,"pagelayer_contact_templates":[],"_pagelayer_content":"","_monsterinsights_skip_tracking":false,"_monsterinsights_sitenote_active":false,"_monsterinsights_sitenote_note":"","_monsterinsights_sitenote_category":0},"product_brand":[492],"product_cat":[745],"product_tag":[455,489,498,496,494,495,262,497,487],"class_list":{"0":"post-9155","1":"product","2":"type-product","3":"status-publish","4":"has-post-thumbnail","6":"product_brand-redmi","7":"product_cat-celular-novo","8":"product_tag-128gb","9":"product_tag-4gb","10":"product_tag-50mp","11":"product_tag-bateria6000mah","12":"product_tag-redmi","13":"product_tag-redmi15c","14":"product_tag-smartphone","15":"product_tag-tela120hz","16":"product_tag-xiaomi","18":"first","19":"instock","20":"sale","21":"taxable","22":"shipping-taxable","23":"purchasable","24":"product-type-variable"},"acf":{"sob_encomenda":false,"desconto_automatico":"20","desconto_ativo":true},"aioseo_notices":[],"_links":{"self":[{"href":"https:\/\/edcelulares.com.br\/pt\/wp-json\/wp\/v2\/product\/9155","targetHints":{"allow":["GET"]}}],"collection":[{"href":"https:\/\/edcelulares.com.br\/pt\/wp-json\/wp\/v2\/product"}],"about":[{"href":"https:\/\/edcelulares.com.br\/pt\/wp-json\/wp\/v2\/types\/product"}],"replies":[{"embeddable":true,"href":"https:\/\/edcelulares.com.br\/pt\/wp-json\/wp\/v2\/comments?post=9155"}],"wp:featuredmedia":[{"embeddable":true,"href":"https:\/\/edcelulares.com.br\/pt\/wp-json\/wp\/v2\/media\/9160"}],"wp:attachment":[{"href":"https:\/\/edcelulares.com.br\/pt\/wp-json\/wp\/v2\/media?parent=9155"}],"wp:term":[{"taxonomy":"product_brand","embeddable":true,"href":"https:\/\/edcelulares.com.br\/pt\/wp-json\/wp\/v2\/product_brand?post=9155"},{"taxonomy":"product_cat","embeddable":true,"href":"https:\/\/edcelulares.com.br\/pt\/wp-json\/wp\/v2\/product_cat?post=9155"},{"taxonomy":"product_tag","embeddable":true,"href":"https:\/\/edcelulares.com.br\/pt\/wp-json\/wp\/v2\/product_tag?post=9155"}],"curies":[{"name":"wp","href":"https:\/\/api.w.org\/{rel}","templated":true}]}}