{"id":9131,"date":"2025-10-30T18:21:49","date_gmt":"2025-10-30T18:21:49","guid":{"rendered":"https:\/\/edcelulares.com.br\/?post_type=product&#038;p=9131"},"modified":"2025-11-18T22:50:38","modified_gmt":"2025-11-18T22:50:38","slug":"realme-note-70-128gb-4gb-ram","status":"publish","type":"product","link":"https:\/\/edcelulares.com.br\/pt\/produto\/realme-note-70-128gb-4gb-ram\/","title":{"rendered":"Realme Note 70 128\/4GB \u2013 Tela 6,6\u2033 120 Hz, Android 13, Bateria 5000 mAh"},"content":{"rendered":"<p data-start=\"321\" data-end=\"621\">O Realme Note 70 128GB combina desempenho s\u00f3lido e design elegante, ideal para uso di\u00e1rio e entretenimento.<br data-start=\"476\" data-end=\"479\" \/>Com 4 GB de RAM (+4 GB RAM virtual) e 128 GB de armazenamento interno, oferece espa\u00e7o suficiente para aplicativos, fotos, v\u00eddeos e documentos.<\/p>\n<p data-start=\"623\" data-end=\"938\">A tela de 6,6\u2033 FHD+ com taxa de atualiza\u00e7\u00e3o de 120 Hz proporciona visualiza\u00e7\u00e3o fluida e n\u00edtida, perfeita para v\u00eddeos e jogos.<br data-start=\"748\" data-end=\"751\" \/>O processador MediaTek Helio G99 garante efici\u00eancia energ\u00e9tica e desempenho equilibrado, enquanto a bateria de 5000 mAh mant\u00e9m o dispositivo funcionando por at\u00e9 dois dias de uso moderado.<\/p>\n<p data-start=\"940\" data-end=\"1194\">O conjunto de c\u00e2meras traseiras de 64 MP + 2 MP permite capturar fotos com detalhes impressionantes, e a c\u00e2mera frontal de 16 MP \u00e9 ideal para selfies de alta qualidade.<br data-start=\"1108\" data-end=\"1111\" \/>O sistema Android 13 oferece interface intuitiva e recursos de seguran\u00e7a avan\u00e7ados.<\/p>\n<p data-start=\"1196\" data-end=\"1210\"><strong data-start=\"1196\" data-end=\"1210\">Destaques:<\/strong><\/p>\n<ul data-start=\"1211\" data-end=\"1458\">\n<li data-start=\"1211\" data-end=\"1272\">\n<p data-start=\"1213\" data-end=\"1272\">128 GB de armazenamento + 4 GB de RAM (+4 GB RAM virtual)<\/p>\n<\/li>\n<li data-start=\"1273\" data-end=\"1301\">\n<p data-start=\"1275\" data-end=\"1301\">Tela de 6,6\u2033 FHD+ 120 Hz<\/p>\n<\/li>\n<li data-start=\"1302\" data-end=\"1348\">\n<p data-start=\"1304\" data-end=\"1348\">Processador MediaTek Helio G99 (octa-core)<\/p>\n<\/li>\n<li data-start=\"1349\" data-end=\"1363\">\n<p data-start=\"1351\" data-end=\"1363\">Android 13<\/p>\n<\/li>\n<li data-start=\"1364\" data-end=\"1387\">\n<p data-start=\"1366\" data-end=\"1387\">Bateria de 5000 mAh<\/p>\n<\/li>\n<li data-start=\"1388\" data-end=\"1438\">\n<p data-start=\"1390\" data-end=\"1438\">C\u00e2meras traseiras 64 MP + 2 MP \/ Frontal 16 MP<\/p>\n<\/li>\n<li data-start=\"1439\" data-end=\"1458\">\n<p data-start=\"1441\" data-end=\"1458\">Cores: Preto\/Gold<\/p>\n<\/li>\n<\/ul>","protected":false},"excerpt":{"rendered":"<ul>\n<li>\n<p data-start=\"5179\" data-end=\"5284\">Realme Note 70 128\/4GB \u2013 Tela 6,6\u2033 120 Hz, Android 13 e bateria 5000 mAh<\/p>\n<\/li>\n<\/ul>","protected":false},"featured_media":9134,"comment_status":"open","ping_status":"closed","template":"","meta":{"_acf_changed":false,"om_disable_all_campaigns":false,"pagelayer_contact_templates":[],"_pagelayer_content":"","_monsterinsights_skip_tracking":false,"_monsterinsights_sitenote_active":false,"_monsterinsights_sitenote_note":"","_monsterinsights_sitenote_category":0},"product_brand":[463],"product_cat":[745],"product_tag":[455,457,459,263,469,468,466,464,262,458],"class_list":{"0":"post-9131","1":"product","2":"type-product","3":"status-publish","4":"has-post-thumbnail","6":"product_brand-realme","7":"product_cat-celular-novo","8":"product_tag-128gb","9":"product_tag-android","10":"product_tag-bateria","11":"product_tag-celular","12":"product_tag-gold","13":"product_tag-note70","14":"product_tag-preto","15":"product_tag-realme","16":"product_tag-smartphone","17":"product_tag-tela-grande","19":"first","20":"instock","21":"sale","22":"taxable","23":"shipping-taxable","24":"purchasable","25":"product-type-variable"},"acf":{"sob_encomenda":false,"desconto_automatico":"20","desconto_ativo":true},"aioseo_notices":[],"_links":{"self":[{"href":"https:\/\/edcelulares.com.br\/pt\/wp-json\/wp\/v2\/product\/9131","targetHints":{"allow":["GET"]}}],"collection":[{"href":"https:\/\/edcelulares.com.br\/pt\/wp-json\/wp\/v2\/product"}],"about":[{"href":"https:\/\/edcelulares.com.br\/pt\/wp-json\/wp\/v2\/types\/product"}],"replies":[{"embeddable":true,"href":"https:\/\/edcelulares.com.br\/pt\/wp-json\/wp\/v2\/comments?post=9131"}],"wp:featuredmedia":[{"embeddable":true,"href":"https:\/\/edcelulares.com.br\/pt\/wp-json\/wp\/v2\/media\/9134"}],"wp:attachment":[{"href":"https:\/\/edcelulares.com.br\/pt\/wp-json\/wp\/v2\/media?parent=9131"}],"wp:term":[{"taxonomy":"product_brand","embeddable":true,"href":"https:\/\/edcelulares.com.br\/pt\/wp-json\/wp\/v2\/product_brand?post=9131"},{"taxonomy":"product_cat","embeddable":true,"href":"https:\/\/edcelulares.com.br\/pt\/wp-json\/wp\/v2\/product_cat?post=9131"},{"taxonomy":"product_tag","embeddable":true,"href":"https:\/\/edcelulares.com.br\/pt\/wp-json\/wp\/v2\/product_tag?post=9131"}],"curies":[{"name":"wp","href":"https:\/\/api.w.org\/{rel}","templated":true}]}}