{"id":8687,"date":"2025-10-23T19:40:28","date_gmt":"2025-10-23T19:40:28","guid":{"rendered":"https:\/\/edcelulares.com.br\/?post_type=product&#038;p=8687"},"modified":"2025-11-22T21:00:46","modified_gmt":"2025-11-22T21:00:46","slug":"cabo-plaque-turbo-usb-v8-3a-pq-01","status":"publish","type":"product","link":"https:\/\/edcelulares.com.br\/pt\/produto\/cabo-plaque-turbo-usb-v8-3a-pq-01\/","title":{"rendered":"Cabo Plaqu\u00ea Turbo USB 3.0 para V8 3A (1m) \u2013 PQ-01"},"content":{"rendered":"<p data-start=\"419\" data-end=\"729\">O Cabo Plaqu\u00ea Turbo USB 3.0 para V8 3A (1m) \u2013 PQ-01 foi desenvolvido para oferecer carregamento r\u00e1pido, seguro e dur\u00e1vel. Com tecnologia avan\u00e7ada de transfer\u00eancia de energia, garante estabilidade durante o uso, evitando aquecimento excessivo ou perda de carga.<\/p>\n<p data-start=\"731\" data-end=\"1014\">Ideal para dispositivos que utilizam entrada V8, seu cabo de 1 metro proporciona flexibilidade e praticidade, sendo perfeito para uso em casa, no escrit\u00f3rio ou em deslocamentos. O design refor\u00e7ado e acabamento de qualidade superior asseguram longa vida \u00fatil e resist\u00eancia a dobras.<\/p>\n<p data-start=\"1016\" data-end=\"1043\"><strong data-start=\"1016\" data-end=\"1041\">Destaques do produto:<\/strong><\/p>\n<ul data-start=\"1044\" data-end=\"1313\">\n<li data-start=\"1044\" data-end=\"1094\">\n<p data-start=\"1046\" data-end=\"1094\">Cabo USB \u2192 V8 (compat\u00edvel com dispositivos V8)<\/p>\n<\/li>\n<li data-start=\"1095\" data-end=\"1125\">\n<p data-start=\"1097\" data-end=\"1125\">Carregamento turbo de 3.0A<\/p>\n<\/li>\n<li data-start=\"1126\" data-end=\"1169\">\n<p data-start=\"1128\" data-end=\"1169\">Transfer\u00eancia de dados r\u00e1pida e est\u00e1vel<\/p>\n<\/li>\n<li data-start=\"1170\" data-end=\"1205\">\n<p data-start=\"1172\" data-end=\"1205\">Revestimento dur\u00e1vel e flex\u00edvel<\/p>\n<\/li>\n<li data-start=\"1206\" data-end=\"1232\">\n<p data-start=\"1208\" data-end=\"1232\">Comprimento de 1 metro<\/p>\n<\/li>\n<li data-start=\"1233\" data-end=\"1263\">\n<p data-start=\"1235\" data-end=\"1263\">Embalagem pl\u00e1stica pr\u00e1tica<\/p>\n<\/li>\n<li data-start=\"1264\" data-end=\"1313\">\n<p data-start=\"1266\" data-end=\"1313\">Design premium e acabamento de alta qualidade<\/p>\n<\/li>\n<\/ul>","protected":false},"excerpt":{"rendered":"<p data-start=\"1092\" data-end=\"1197\">Cabo Plaqu\u00ea Turbo USB 3.0 para V8 3A (1m) \u2013 PQ-01. Carregamento r\u00e1pido, resistente e ideal para transfer\u00eancia de dados com m\u00e1xima efici\u00eancia.<\/p>","protected":false},"featured_media":8455,"comment_status":"open","ping_status":"closed","template":"","meta":{"_acf_changed":false,"om_disable_all_campaigns":false,"pagelayer_contact_templates":[],"_pagelayer_content":"","_monsterinsights_skip_tracking":false,"_monsterinsights_sitenote_active":false,"_monsterinsights_sitenote_note":"","_monsterinsights_sitenote_category":0},"product_brand":[244],"product_cat":[748],"product_tag":[343,355,319,250,356,338,309,283,314,350,354],"class_list":{"0":"post-8687","1":"product","2":"type-product","3":"status-publish","4":"has-post-thumbnail","6":"product_brand-plaque","7":"product_cat-cabo-para-celular","8":"product_tag-1m","9":"product_tag-3a","10":"product_tag-cabo","11":"product_tag-plaque","12":"product_tag-pq-01","13":"product_tag-premium","14":"product_tag-rapido","15":"product_tag-resistente","16":"product_tag-turbo","17":"product_tag-usb","18":"product_tag-v8","20":"first","21":"instock","22":"sale","23":"taxable","24":"shipping-taxable","25":"purchasable","26":"product-type-simple"},"acf":{"desconto_automatico":"10","desconto_ativo":false,"sob_encomenda":false},"aioseo_notices":[],"_links":{"self":[{"href":"https:\/\/edcelulares.com.br\/pt\/wp-json\/wp\/v2\/product\/8687","targetHints":{"allow":["GET"]}}],"collection":[{"href":"https:\/\/edcelulares.com.br\/pt\/wp-json\/wp\/v2\/product"}],"about":[{"href":"https:\/\/edcelulares.com.br\/pt\/wp-json\/wp\/v2\/types\/product"}],"replies":[{"embeddable":true,"href":"https:\/\/edcelulares.com.br\/pt\/wp-json\/wp\/v2\/comments?post=8687"}],"wp:featuredmedia":[{"embeddable":true,"href":"https:\/\/edcelulares.com.br\/pt\/wp-json\/wp\/v2\/media\/8455"}],"wp:attachment":[{"href":"https:\/\/edcelulares.com.br\/pt\/wp-json\/wp\/v2\/media?parent=8687"}],"wp:term":[{"taxonomy":"product_brand","embeddable":true,"href":"https:\/\/edcelulares.com.br\/pt\/wp-json\/wp\/v2\/product_brand?post=8687"},{"taxonomy":"product_cat","embeddable":true,"href":"https:\/\/edcelulares.com.br\/pt\/wp-json\/wp\/v2\/product_cat?post=8687"},{"taxonomy":"product_tag","embeddable":true,"href":"https:\/\/edcelulares.com.br\/pt\/wp-json\/wp\/v2\/product_tag?post=8687"}],"curies":[{"name":"wp","href":"https:\/\/api.w.org\/{rel}","templated":true}]}}