{"id":8553,"date":"2025-10-23T09:54:46","date_gmt":"2025-10-23T09:54:46","guid":{"rendered":"https:\/\/edcelulares.com.br\/?post_type=product&#038;p=8553"},"modified":"2025-11-22T20:47:31","modified_gmt":"2025-11-22T20:47:31","slug":"cabo-plaque-pq250","status":"publish","type":"product","link":"https:\/\/edcelulares.com.br\/pt\/produto\/cabo-plaque-pq250\/","title":{"rendered":"Cabo Plaqu\u00ea PQ250 \u2013 Tipo C para Tipo C, Turbo 30W"},"content":{"rendered":"<p data-start=\"457\" data-end=\"749\">O <strong data-start=\"459\" data-end=\"480\">Cabo Plaqu\u00ea PQ250<\/strong> oferece desempenho e seguran\u00e7a para quem busca carregamento r\u00e1pido e est\u00e1vel.<br data-start=\"558\" data-end=\"561\" \/>Com pot\u00eancia de <strong data-start=\"577\" data-end=\"584\">30W<\/strong>, ele garante efici\u00eancia no carregamento de dispositivos compat\u00edveis com a tecnologia <strong data-start=\"670\" data-end=\"692\">Tipo C para Tipo C<\/strong>, ideal para smartphones, tablets e notebooks modernos.<\/p>\n<p data-start=\"751\" data-end=\"893\">Produzido com materiais de alta durabilidade, o PQ250 \u00e9 resistente a dobras e tor\u00e7\u00f5es, proporcionando longa vida \u00fatil e desempenho superior.<\/p>\n<p data-start=\"895\" data-end=\"922\"><strong data-start=\"895\" data-end=\"920\">Destaques do produto:<\/strong><\/p>\n<ul data-start=\"923\" data-end=\"1187\">\n<li data-start=\"923\" data-end=\"954\">\n<p data-start=\"925\" data-end=\"954\">Cabo <strong data-start=\"930\" data-end=\"952\">Tipo C para Tipo C<\/strong><\/p>\n<\/li>\n<li data-start=\"955\" data-end=\"1006\">\n<p data-start=\"957\" data-end=\"1006\"><strong data-start=\"957\" data-end=\"979\">Pot\u00eancia Turbo 30W<\/strong> para carregamento r\u00e1pido<\/p>\n<\/li>\n<li data-start=\"1007\" data-end=\"1074\">\n<p data-start=\"1009\" data-end=\"1074\">Alta compatibilidade com dispositivos Android e notebooks USB-C<\/p>\n<\/li>\n<li data-start=\"1075\" data-end=\"1122\">\n<p data-start=\"1077\" data-end=\"1122\"><strong data-start=\"1077\" data-end=\"1120\">Transfer\u00eancia de dados est\u00e1vel e segura<\/strong><\/p>\n<\/li>\n<li data-start=\"1123\" data-end=\"1187\">\n<p data-start=\"1125\" data-end=\"1187\"><strong data-start=\"1125\" data-end=\"1147\">Material refor\u00e7ado<\/strong> para maior resist\u00eancia e durabilidade<\/p>\n<\/li>\n<\/ul>","protected":false},"excerpt":{"rendered":"<p data-start=\"1092\" data-end=\"1197\">Cabo Plaqu\u00ea PQ250 Tipo C para Tipo C, 30W, turbo, ideal para carregamento r\u00e1pido e transfer\u00eancia de dados segura.<\/p>","protected":false},"featured_media":8454,"comment_status":"open","ping_status":"closed","template":"","meta":{"_acf_changed":false,"om_disable_all_campaigns":false,"pagelayer_contact_templates":[],"_pagelayer_content":"","_monsterinsights_skip_tracking":false,"_monsterinsights_sitenote_active":false,"_monsterinsights_sitenote_note":"","_monsterinsights_sitenote_category":0},"product_brand":[244],"product_cat":[748],"product_tag":[331,319,271,333,332,323,334,250,330,283,315,314],"class_list":{"0":"post-8553","1":"product","2":"type-product","3":"status-publish","4":"has-post-thumbnail","6":"product_brand-plaque","7":"product_cat-cabo-para-celular","8":"product_tag-30w","9":"product_tag-cabo","10":"product_tag-carregamento-rapido","11":"product_tag-compativel","12":"product_tag-dados","13":"product_tag-duravel","14":"product_tag-moderno","15":"product_tag-plaque","16":"product_tag-pq250","17":"product_tag-resistente","18":"product_tag-tipo-c","19":"product_tag-turbo","21":"first","22":"instock","23":"sale","24":"taxable","25":"shipping-taxable","26":"purchasable","27":"product-type-simple"},"acf":{"desconto_automatico":"10","desconto_ativo":false,"sob_encomenda":false},"aioseo_notices":[],"_links":{"self":[{"href":"https:\/\/edcelulares.com.br\/pt\/wp-json\/wp\/v2\/product\/8553","targetHints":{"allow":["GET"]}}],"collection":[{"href":"https:\/\/edcelulares.com.br\/pt\/wp-json\/wp\/v2\/product"}],"about":[{"href":"https:\/\/edcelulares.com.br\/pt\/wp-json\/wp\/v2\/types\/product"}],"replies":[{"embeddable":true,"href":"https:\/\/edcelulares.com.br\/pt\/wp-json\/wp\/v2\/comments?post=8553"}],"wp:featuredmedia":[{"embeddable":true,"href":"https:\/\/edcelulares.com.br\/pt\/wp-json\/wp\/v2\/media\/8454"}],"wp:attachment":[{"href":"https:\/\/edcelulares.com.br\/pt\/wp-json\/wp\/v2\/media?parent=8553"}],"wp:term":[{"taxonomy":"product_brand","embeddable":true,"href":"https:\/\/edcelulares.com.br\/pt\/wp-json\/wp\/v2\/product_brand?post=8553"},{"taxonomy":"product_cat","embeddable":true,"href":"https:\/\/edcelulares.com.br\/pt\/wp-json\/wp\/v2\/product_cat?post=8553"},{"taxonomy":"product_tag","embeddable":true,"href":"https:\/\/edcelulares.com.br\/pt\/wp-json\/wp\/v2\/product_tag?post=8553"}],"curies":[{"name":"wp","href":"https:\/\/api.w.org\/{rel}","templated":true}]}}