{"id":8550,"date":"2025-10-22T20:25:14","date_gmt":"2025-10-22T20:25:14","guid":{"rendered":"https:\/\/edcelulares.com.br\/?post_type=product&#038;p=8550"},"modified":"2025-11-22T20:42:55","modified_gmt":"2025-11-22T20:42:55","slug":"cabo-plaque-pq200","status":"publish","type":"product","link":"https:\/\/edcelulares.com.br\/pt\/produto\/cabo-plaque-pq200\/","title":{"rendered":"Cabo Plaqu\u00ea PQ200 \u2013 Tipo C para Lightning, Turbo 3.0, 1 Metro"},"content":{"rendered":"<p data-start=\"438\" data-end=\"741\">O <strong data-start=\"440\" data-end=\"461\">Cabo Plaqu\u00ea PQ200<\/strong> \u00e9 ideal para carregamento r\u00e1pido e sincroniza\u00e7\u00e3o de dados entre dispositivos compat\u00edveis com entrada Lightning e USB Tipo C.<br data-start=\"586\" data-end=\"589\" \/>Com 1 metro de comprimento e tecnologia Turbo 3.0, ele garante alta efici\u00eancia na transfer\u00eancia de energia e dados, mantendo seguran\u00e7a e durabilidade.<\/p>\n<p data-start=\"743\" data-end=\"770\"><strong data-start=\"743\" data-end=\"768\">Destaques do produto:<\/strong><\/p>\n<ul data-start=\"771\" data-end=\"1026\">\n<li data-start=\"771\" data-end=\"801\">\n<p data-start=\"773\" data-end=\"801\">Cabo tipo C para Lightning<\/p>\n<\/li>\n<li data-start=\"802\" data-end=\"851\">\n<p data-start=\"804\" data-end=\"851\">Tecnologia Turbo 3.0 para carregamento r\u00e1pido<\/p>\n<\/li>\n<li data-start=\"852\" data-end=\"901\">\n<p data-start=\"854\" data-end=\"901\">Comprimento de 1 metro para maior praticidade<\/p>\n<\/li>\n<li data-start=\"902\" data-end=\"978\">\n<p data-start=\"904\" data-end=\"978\">Compat\u00edvel com iPhones e outros dispositivos Apple com entrada Lightning<\/p>\n<\/li>\n<li data-start=\"979\" data-end=\"1026\">\n<p data-start=\"981\" data-end=\"1026\">Material resistente para maior durabilidade<\/p>\n<\/li>\n<\/ul>","protected":false},"excerpt":{"rendered":"<p data-start=\"1092\" data-end=\"1197\">Cabo Plaqu\u00ea PQ200 Tipo C para Lightning, 1 metro, Turbo 3.0, compat\u00edvel com iPhone e carregamento r\u00e1pido.<\/p>","protected":false},"featured_media":8453,"comment_status":"open","ping_status":"closed","template":"","meta":{"_acf_changed":false,"om_disable_all_campaigns":false,"pagelayer_contact_templates":[],"_pagelayer_content":"","_monsterinsights_skip_tracking":false,"_monsterinsights_sitenote_active":false,"_monsterinsights_sitenote_note":"","_monsterinsights_sitenote_category":0},"product_brand":[244],"product_cat":[748],"product_tag":[322,261,319,271,323,258,295,250,320,315,321],"class_list":{"0":"post-8550","1":"product","2":"type-product","3":"status-publish","4":"has-post-thumbnail","6":"product_brand-plaque","7":"product_cat-cabo-para-celular","8":"product_tag-1-metro","9":"product_tag-apple","10":"product_tag-cabo","11":"product_tag-carregamento-rapido","12":"product_tag-duravel","13":"product_tag-iphone","14":"product_tag-lightning","15":"product_tag-plaque","16":"product_tag-pq200","17":"product_tag-tipo-c","18":"product_tag-turbo-3-0","20":"first","21":"instock","22":"sale","23":"taxable","24":"shipping-taxable","25":"purchasable","26":"product-type-simple"},"acf":{"desconto_automatico":"10","desconto_ativo":true,"sob_encomenda":false},"aioseo_notices":[],"_links":{"self":[{"href":"https:\/\/edcelulares.com.br\/pt\/wp-json\/wp\/v2\/product\/8550","targetHints":{"allow":["GET"]}}],"collection":[{"href":"https:\/\/edcelulares.com.br\/pt\/wp-json\/wp\/v2\/product"}],"about":[{"href":"https:\/\/edcelulares.com.br\/pt\/wp-json\/wp\/v2\/types\/product"}],"replies":[{"embeddable":true,"href":"https:\/\/edcelulares.com.br\/pt\/wp-json\/wp\/v2\/comments?post=8550"}],"wp:featuredmedia":[{"embeddable":true,"href":"https:\/\/edcelulares.com.br\/pt\/wp-json\/wp\/v2\/media\/8453"}],"wp:attachment":[{"href":"https:\/\/edcelulares.com.br\/pt\/wp-json\/wp\/v2\/media?parent=8550"}],"wp:term":[{"taxonomy":"product_brand","embeddable":true,"href":"https:\/\/edcelulares.com.br\/pt\/wp-json\/wp\/v2\/product_brand?post=8550"},{"taxonomy":"product_cat","embeddable":true,"href":"https:\/\/edcelulares.com.br\/pt\/wp-json\/wp\/v2\/product_cat?post=8550"},{"taxonomy":"product_tag","embeddable":true,"href":"https:\/\/edcelulares.com.br\/pt\/wp-json\/wp\/v2\/product_tag?post=8550"}],"curies":[{"name":"wp","href":"https:\/\/api.w.org\/{rel}","templated":true}]}}