{"id":8548,"date":"2025-10-22T18:32:34","date_gmt":"2025-10-22T18:32:34","guid":{"rendered":"https:\/\/edcelulares.com.br\/?post_type=product&#038;p=8548"},"modified":"2025-11-24T19:55:51","modified_gmt":"2025-11-24T19:55:51","slug":"carregador-turbo-plaque-pq300-tipo-c-20w-indicado-para-iphone","status":"publish","type":"product","link":"https:\/\/edcelulares.com.br\/pt\/produto\/carregador-turbo-plaque-pq300-tipo-c-20w-indicado-para-iphone\/","title":{"rendered":"Carregador Turbo PLAQU\u00ca PQ300 \u2013 Tipo C, 20W, Indicado para iPhone"},"content":{"rendered":"<p data-start=\"455\" data-end=\"736\">O <strong data-start=\"457\" data-end=\"489\">Carregador Turbo PLAQU\u00ca PQ300<\/strong> \u00e9 ideal para quem busca carregamento r\u00e1pido e seguro para dispositivos compat\u00edveis com entrada Tipo C, incluindo iPhones modernos.<br data-start=\"620\" data-end=\"623\" \/>Com 20W de pot\u00eancia, ele garante recarga eficiente e confi\u00e1vel, combinando praticidade, desempenho e seguran\u00e7a.<\/p>\n<p data-start=\"738\" data-end=\"765\"><strong data-start=\"738\" data-end=\"763\">Destaques do produto:<\/strong><\/p>\n<ul data-start=\"766\" data-end=\"965\">\n<li data-start=\"766\" data-end=\"809\">\n<p data-start=\"768\" data-end=\"809\">Carregamento r\u00e1pido com 20W de pot\u00eancia<\/p>\n<\/li>\n<li data-start=\"810\" data-end=\"892\">\n<p data-start=\"812\" data-end=\"892\">Entrada Tipo C para compatibilidade com iPhones e outros dispositivos modernos<\/p>\n<\/li>\n<li data-start=\"893\" data-end=\"923\">\n<p data-start=\"895\" data-end=\"923\">Design compacto e port\u00e1til<\/p>\n<\/li>\n<li data-start=\"924\" data-end=\"965\">\n<p data-start=\"926\" data-end=\"965\">Ideal para casa, escrit\u00f3rio ou viagem<\/p>\n<\/li>\n<\/ul>","protected":false},"excerpt":{"rendered":"<p>Carregador Turbo PLAQU\u00ca PQ300 com entrada Tipo C, 20W de pot\u00eancia, indicado para iPhone, compacto e eficiente.<\/p>","protected":false},"featured_media":10589,"comment_status":"open","ping_status":"closed","template":"","meta":{"_acf_changed":false,"om_disable_all_campaigns":false,"pagelayer_contact_templates":[],"_pagelayer_content":"","_monsterinsights_skip_tracking":false,"_monsterinsights_sitenote_active":false,"_monsterinsights_sitenote_note":"","_monsterinsights_sitenote_category":0},"product_brand":[244],"product_cat":[749],"product_tag":[316,300,271,317,310,258,312,313,315,314],"class_list":{"0":"post-8548","1":"product","2":"type-product","3":"status-publish","4":"has-post-thumbnail","6":"product_brand-plaque","7":"product_cat-carregador-para-celular","8":"product_tag-20w","9":"product_tag-carregador","10":"product_tag-carregamento-rapido","11":"product_tag-compacto","12":"product_tag-eficiente","13":"product_tag-iphone","14":"product_tag-paqui","15":"product_tag-pq300","16":"product_tag-tipo-c","17":"product_tag-turbo","19":"first","20":"instock","21":"sale","22":"taxable","23":"shipping-taxable","24":"purchasable","25":"product-type-simple"},"acf":{"desconto_automatico":"10","desconto_ativo":true,"sob_encomenda":false},"aioseo_notices":[],"_links":{"self":[{"href":"https:\/\/edcelulares.com.br\/pt\/wp-json\/wp\/v2\/product\/8548","targetHints":{"allow":["GET"]}}],"collection":[{"href":"https:\/\/edcelulares.com.br\/pt\/wp-json\/wp\/v2\/product"}],"about":[{"href":"https:\/\/edcelulares.com.br\/pt\/wp-json\/wp\/v2\/types\/product"}],"replies":[{"embeddable":true,"href":"https:\/\/edcelulares.com.br\/pt\/wp-json\/wp\/v2\/comments?post=8548"}],"wp:featuredmedia":[{"embeddable":true,"href":"https:\/\/edcelulares.com.br\/pt\/wp-json\/wp\/v2\/media\/10589"}],"wp:attachment":[{"href":"https:\/\/edcelulares.com.br\/pt\/wp-json\/wp\/v2\/media?parent=8548"}],"wp:term":[{"taxonomy":"product_brand","embeddable":true,"href":"https:\/\/edcelulares.com.br\/pt\/wp-json\/wp\/v2\/product_brand?post=8548"},{"taxonomy":"product_cat","embeddable":true,"href":"https:\/\/edcelulares.com.br\/pt\/wp-json\/wp\/v2\/product_cat?post=8548"},{"taxonomy":"product_tag","embeddable":true,"href":"https:\/\/edcelulares.com.br\/pt\/wp-json\/wp\/v2\/product_tag?post=8548"}],"curies":[{"name":"wp","href":"https:\/\/api.w.org\/{rel}","templated":true}]}}