{"id":11252,"date":"2025-12-13T21:31:59","date_gmt":"2025-12-13T21:31:59","guid":{"rendered":"https:\/\/edcelulares.com.br\/?post_type=product&#038;p=11252"},"modified":"2025-12-29T14:54:41","modified_gmt":"2025-12-29T14:54:41","slug":"poco-x2-recondicionado-azul-8gb-128gb","status":"publish","type":"product","link":"https:\/\/edcelulares.com.br\/pt\/produto\/poco-x2-recondicionado-azul-8gb-128gb\/","title":{"rendered":"Smartphone POCO X2 Azul Recondicionado"},"content":{"rendered":"<p data-start=\"636\" data-end=\"947\">O POCO X2 \u00e9 um smartphone intermedi\u00e1rio que se destaca pela tela fluida de 120Hz, bom desempenho e conjunto equilibrado para o uso di\u00e1rio. Este aparelho \u00e9 <strong data-start=\"839\" data-end=\"851\">seminovo<\/strong>, <strong data-start=\"853\" data-end=\"870\">original POCO<\/strong>, desbloqueado para todas as operadoras e com <strong data-start=\"916\" data-end=\"946\">funcionamento 100% testado<\/strong>.<\/p>\n<h3 data-start=\"949\" data-end=\"990\">\ud83d\udd0e Estado f\u00edsico e avalia\u00e7\u00e3o visual<\/h3>\n<ul data-start=\"991\" data-end=\"1205\">\n<li data-start=\"991\" data-end=\"1046\">\n<p data-start=\"993\" data-end=\"1046\"><strong data-start=\"993\" data-end=\"1002\">Tela:<\/strong> apresenta riscos e marcas de uso vis\u00edveis<\/p>\n<\/li>\n<li data-start=\"1047\" data-end=\"1100\">\n<p data-start=\"1049\" data-end=\"1100\"><strong data-start=\"1049\" data-end=\"1057\">Aro:<\/strong> sinais de uso, <strong data-start=\"1073\" data-end=\"1098\">classifica\u00e7\u00e3o 3,5 \/ 5<\/strong><\/p>\n<\/li>\n<li data-start=\"1101\" data-end=\"1139\">\n<p data-start=\"1103\" data-end=\"1139\"><strong data-start=\"1103\" data-end=\"1122\">Tampa traseira:<\/strong> <strong data-start=\"1123\" data-end=\"1137\">nota 5 \/ 5<\/strong><\/p>\n<\/li>\n<li data-start=\"1140\" data-end=\"1205\">\n<p data-start=\"1142\" data-end=\"1205\"><strong data-start=\"1142\" data-end=\"1181\">Avalia\u00e7\u00e3o visual geral do aparelho:<\/strong> <strong data-start=\"1182\" data-end=\"1205\">nota m\u00e1xima 3,5 \/ 5<\/strong><\/p>\n<\/li>\n<\/ul>\n<h3 data-start=\"1207\" data-end=\"1229\">\u2699\ufe0f Funcionamento<\/h3>\n<ul data-start=\"1230\" data-end=\"1302\">\n<li data-start=\"1230\" data-end=\"1263\">\n<p data-start=\"1232\" data-end=\"1263\"><strong data-start=\"1232\" data-end=\"1256\">Funcionamento geral:<\/strong> 100%<\/p>\n<\/li>\n<li data-start=\"1264\" data-end=\"1302\">\n<p data-start=\"1266\" data-end=\"1302\"><strong data-start=\"1266\" data-end=\"1292\">Nota de funcionamento:<\/strong> <strong data-start=\"1293\" data-end=\"1302\">5 \/ 5<\/strong><\/p>\n<\/li>\n<\/ul>\n<h3 data-start=\"1304\" data-end=\"1356\">\ud83d\udd27 Informa\u00e7\u00e3o t\u00e9cnica (substitui\u00e7\u00e3o realizada)<\/h3>\n<p data-start=\"1357\" data-end=\"1531\">Apesar de ser um produto <strong data-start=\"1382\" data-end=\"1394\">seminovo<\/strong>, foi realizada <strong data-start=\"1410\" data-end=\"1453\">apenas a substitui\u00e7\u00e3o da tampa traseira<\/strong>, devido \u00e0 quebra da pe\u00e7a original.<br data-start=\"1488\" data-end=\"1491\" \/>Nenhum outro componente foi substitu\u00eddo:<\/p>\n<ul data-start=\"1532\" data-end=\"1603\">\n<li data-start=\"1532\" data-end=\"1549\">\n<p data-start=\"1534\" data-end=\"1549\">Tela original<\/p>\n<\/li>\n<li data-start=\"1550\" data-end=\"1570\">\n<p data-start=\"1552\" data-end=\"1570\">Bateria original<\/p>\n<\/li>\n<li data-start=\"1571\" data-end=\"1603\">\n<p data-start=\"1573\" data-end=\"1603\">Componentes internos originais<\/p>\n<\/li>\n<\/ul>\n<p data-start=\"1605\" data-end=\"1646\">O aparelho est\u00e1 pronto para uso imediato.<\/p>\n<p data-start=\"1648\" data-end=\"1738\">\ud83d\udce6 Por se tratar de um produto seminovo, <strong data-start=\"1689\" data-end=\"1737\">n\u00e3o acompanha caixa original, cabo ou manual<\/strong>.<\/p>","protected":false},"excerpt":{"rendered":"<p>POCO X2 azul seminovo, 8GB RAM, 128GB, tela 120Hz e funcionamento 100%<\/p>","protected":false},"featured_media":11261,"comment_status":"open","ping_status":"closed","template":"","meta":{"_acf_changed":false,"om_disable_all_campaigns":false,"pagelayer_contact_templates":[],"_pagelayer_content":"","_monsterinsights_skip_tracking":false,"_monsterinsights_sitenote_active":false,"_monsterinsights_sitenote_note":"","_monsterinsights_sitenote_category":0},"product_brand":[492],"product_cat":[747],"product_tag":[1101,1099,1098,1097,1100],"class_list":{"0":"post-11252","1":"product","2":"type-product","3":"status-publish","4":"has-post-thumbnail","6":"product_brand-redmi","7":"product_cat-celular-recondicionado","8":"product_tag-celular-azul","9":"product_tag-poco-8gb","10":"product_tag-poco-seminovo","11":"product_tag-poco-x2","12":"product_tag-smartphone-poco","14":"first","15":"outofstock","16":"sale","17":"taxable","18":"shipping-taxable","19":"purchasable","20":"product-type-simple"},"acf":{"desconto_automatico":"20","desconto_ativo":true,"sob_encomenda":false},"aioseo_notices":[],"_links":{"self":[{"href":"https:\/\/edcelulares.com.br\/pt\/wp-json\/wp\/v2\/product\/11252","targetHints":{"allow":["GET"]}}],"collection":[{"href":"https:\/\/edcelulares.com.br\/pt\/wp-json\/wp\/v2\/product"}],"about":[{"href":"https:\/\/edcelulares.com.br\/pt\/wp-json\/wp\/v2\/types\/product"}],"replies":[{"embeddable":true,"href":"https:\/\/edcelulares.com.br\/pt\/wp-json\/wp\/v2\/comments?post=11252"}],"wp:featuredmedia":[{"embeddable":true,"href":"https:\/\/edcelulares.com.br\/pt\/wp-json\/wp\/v2\/media\/11261"}],"wp:attachment":[{"href":"https:\/\/edcelulares.com.br\/pt\/wp-json\/wp\/v2\/media?parent=11252"}],"wp:term":[{"taxonomy":"product_brand","embeddable":true,"href":"https:\/\/edcelulares.com.br\/pt\/wp-json\/wp\/v2\/product_brand?post=11252"},{"taxonomy":"product_cat","embeddable":true,"href":"https:\/\/edcelulares.com.br\/pt\/wp-json\/wp\/v2\/product_cat?post=11252"},{"taxonomy":"product_tag","embeddable":true,"href":"https:\/\/edcelulares.com.br\/pt\/wp-json\/wp\/v2\/product_tag?post=11252"}],"curies":[{"name":"wp","href":"https:\/\/api.w.org\/{rel}","templated":true}]}}