{"id":11104,"date":"2025-12-08T23:31:14","date_gmt":"2025-12-08T23:31:14","guid":{"rendered":"https:\/\/edcelulares.com.br\/?post_type=product&#038;p=11104"},"modified":"2025-12-08T23:40:58","modified_gmt":"2025-12-08T23:40:58","slug":"smartwatch-xiaomi-imiki-st1-frame-amoled-178","status":"publish","type":"product","link":"https:\/\/edcelulares.com.br\/pt\/produto\/smartwatch-xiaomi-imiki-st1-frame-amoled-178\/","title":{"rendered":"Rel\u00f3gio Smartwatch Xiaomi Imiki ST1 Frame \u2013 Android \/ iOS"},"content":{"rendered":"<p data-start=\"504\" data-end=\"817\">Sinta a diferen\u00e7a de um smartwatch feito para quem exige estilo, desempenho e praticidade no dia a dia. O <strong data-start=\"610\" data-end=\"636\">Xiaomi Imiki ST1 Frame<\/strong> combina acabamento premium, tela vibrante AMOLED de 1,78\u201d, performance confi\u00e1vel e uma experi\u00eancia completa para quem quer monitorar sa\u00fade, esportes e notifica\u00e7\u00f5es sem complica\u00e7\u00e3o.<\/p>\n<p data-start=\"819\" data-end=\"1113\">Ele \u00e9 leve, confort\u00e1vel, compat\u00edvel com Android e iOS, possui mais de <strong data-start=\"889\" data-end=\"913\">100 modos esportivos<\/strong>, diversos recursos inteligentes e bateria pensada para durar v\u00e1rios dias. Ideal para treinos, trabalho, rotina e at\u00e9 momentos de lazer \u2014 tudo isso com o visual elegante que s\u00f3 a Xiaomi sabe entregar.<\/p>\n<p data-start=\"1115\" data-end=\"1339\">Seja para acompanhar sua sa\u00fade, melhorar seus resultados, ou simplesmente ter mais praticidade no pulso, o <strong data-start=\"1222\" data-end=\"1241\">Imiki ST1 Frame<\/strong> entrega exatamente o que voc\u00ea procura: <strong data-start=\"1281\" data-end=\"1338\">versatilidade, desempenho e custo-benef\u00edcio alt\u00edssimo<\/strong>.<\/p>","protected":false},"excerpt":{"rendered":"<p data-start=\"1404\" data-end=\"1547\">Smartwatch premium com tela AMOLED 1,78\u201d, +100 modos esportivos, monitoramento de sa\u00fade e bateria de longa dura\u00e7\u00e3o. Compat\u00edvel com Android\/iOS.<\/p>","protected":false},"featured_media":11105,"comment_status":"open","ping_status":"closed","template":"","meta":{"_acf_changed":false,"om_disable_all_campaigns":false,"pagelayer_contact_templates":[],"_pagelayer_content":"","_monsterinsights_skip_tracking":false,"_monsterinsights_sitenote_active":false,"_monsterinsights_sitenote_note":"","_monsterinsights_sitenote_category":0},"product_brand":[486],"product_cat":[760],"product_tag":[959,457,973,979,980,264,778,765,762,487],"class_list":{"0":"post-11104","1":"product","2":"type-product","3":"status-publish","4":"has-post-thumbnail","6":"product_brand-xiaomi","7":"product_cat-smartwatch","8":"product_tag-amoled","9":"product_tag-android","10":"product_tag-esportes","11":"product_tag-imiki-st1","12":"product_tag-imilab","13":"product_tag-ios","14":"product_tag-ip68","15":"product_tag-relogio-inteligente","16":"product_tag-smartwatch","17":"product_tag-xiaomi","19":"first","20":"instock","21":"sale","22":"taxable","23":"shipping-taxable","24":"purchasable","25":"product-type-simple"},"acf":{"desconto_automatico":"10","desconto_ativo":false,"sob_encomenda":false},"aioseo_notices":[],"_links":{"self":[{"href":"https:\/\/edcelulares.com.br\/pt\/wp-json\/wp\/v2\/product\/11104","targetHints":{"allow":["GET"]}}],"collection":[{"href":"https:\/\/edcelulares.com.br\/pt\/wp-json\/wp\/v2\/product"}],"about":[{"href":"https:\/\/edcelulares.com.br\/pt\/wp-json\/wp\/v2\/types\/product"}],"replies":[{"embeddable":true,"href":"https:\/\/edcelulares.com.br\/pt\/wp-json\/wp\/v2\/comments?post=11104"}],"wp:featuredmedia":[{"embeddable":true,"href":"https:\/\/edcelulares.com.br\/pt\/wp-json\/wp\/v2\/media\/11105"}],"wp:attachment":[{"href":"https:\/\/edcelulares.com.br\/pt\/wp-json\/wp\/v2\/media?parent=11104"}],"wp:term":[{"taxonomy":"product_brand","embeddable":true,"href":"https:\/\/edcelulares.com.br\/pt\/wp-json\/wp\/v2\/product_brand?post=11104"},{"taxonomy":"product_cat","embeddable":true,"href":"https:\/\/edcelulares.com.br\/pt\/wp-json\/wp\/v2\/product_cat?post=11104"},{"taxonomy":"product_tag","embeddable":true,"href":"https:\/\/edcelulares.com.br\/pt\/wp-json\/wp\/v2\/product_tag?post=11104"}],"curies":[{"name":"wp","href":"https:\/\/api.w.org\/{rel}","templated":true}]}}