{"id":10651,"date":"2025-11-26T19:06:53","date_gmt":"2025-11-26T19:06:53","guid":{"rendered":"https:\/\/edcelulares.com.br\/?post_type=product&#038;p=10651"},"modified":"2025-12-07T17:40:06","modified_gmt":"2025-12-07T17:40:06","slug":"xiaomi-redmi-9a-32gb-recondicionado","status":"publish","type":"product","link":"https:\/\/edcelulares.com.br\/pt\/produto\/xiaomi-redmi-9a-32gb-recondicionado\/","title":{"rendered":"Xiaomi Redmi 9A \u2013 32 GB \u2013 Azul &#8211; Recondicionado"},"content":{"rendered":"<p data-start=\"605\" data-end=\"936\">Smartphone <strong data-start=\"664\" data-end=\"682\">recondicionado<\/strong>, revisado e testado, com funcionamento 100% garantido.<br data-start=\"737\" data-end=\"740\" \/>Este Xiaomi Redmi 9A passou por manuten\u00e7\u00e3o completa, mantendo <strong data-start=\"802\" data-end=\"845\">todos os componentes internos originais<\/strong>, com exce\u00e7\u00e3o dos itens substitu\u00eddos, que foram trocados por <strong data-start=\"906\" data-end=\"935\">pe\u00e7as novas e homologadas<\/strong>.<\/p>\n<p data-start=\"938\" data-end=\"959\">Foram substitu\u00eddos:<\/p>\n<ul data-start=\"960\" data-end=\"1104\">\n<li data-start=\"960\" data-end=\"1012\">\n<p data-start=\"962\" data-end=\"1012\"><strong data-start=\"962\" data-end=\"1010\">Tela frontal nova (pe\u00e7a nacional homologada)<\/strong><\/p>\n<\/li>\n<li data-start=\"1013\" data-end=\"1050\">\n<p data-start=\"1015\" data-end=\"1050\"><strong data-start=\"1015\" data-end=\"1048\">Lente da c\u00e2mera traseira nova<\/strong><\/p>\n<\/li>\n<li data-start=\"1051\" data-end=\"1104\">\n<p data-start=\"1053\" data-end=\"1104\"><strong data-start=\"1053\" data-end=\"1102\">Tampa\/capa da bateria nova (carca\u00e7a traseira)<\/strong><\/p>\n<\/li>\n<\/ul>\n<p data-start=\"1106\" data-end=\"1249\">Placa-m\u00e3e, placa de carga, c\u00e2meras internas, sensores, bot\u00f5es, alto-falante, microfone e estrutura interna permanecem <strong data-start=\"1224\" data-end=\"1248\">originais e testados<\/strong>.<\/p>\n<p data-start=\"1251\" data-end=\"1415\">Aparelho aprovado nos testes de:<br data-start=\"1283\" data-end=\"1286\" \/>touchscreen, vibra\u00e7\u00e3o, sensores, c\u00e2meras, microfone, alto-falante, Wi-Fi, Bluetooth, rede m\u00f3vel, carregamento, bateria e sistema.<\/p>\n<p data-start=\"1417\" data-end=\"1535\">Produto vendido como <strong data-start=\"1438\" data-end=\"1456\">recondicionado<\/strong> \u2014 pode conter leves sinais de manuseio natural que n\u00e3o afetam o funcionamento.<\/p>\n<p data-start=\"1537\" data-end=\"1688\">Garantia interna: <em data-start=\"1555\" data-end=\"1591\">(definir seu padr\u00e3o \u2014 ex: 90 dias)<\/em><br data-start=\"1591\" data-end=\"1594\" \/>Ideal para quem busca economia, funcionalidade e seguran\u00e7a com garantia real de funcionamento.<\/p>\n<p data-start=\"1690\" data-end=\"1839\">\u26a0\ufe0f <strong data-start=\"1693\" data-end=\"1705\">Aten\u00e7\u00e3o:<\/strong> trata-se de um produto recondicionado com <strong data-start=\"1748\" data-end=\"1793\">tela, lente traseira e tampa substitu\u00eddas<\/strong>, mantendo interior original e 100% funcional.<\/p>","protected":false},"excerpt":{"rendered":"<p data-start=\"1522\" data-end=\"1704\">Xiaomi Redmi 9A recondicionado \u2014 tela nova, lente traseira nova e tampa traseira nova. Testado e funcionando 100%.<\/p>","protected":false},"featured_media":10660,"comment_status":"open","ping_status":"closed","template":"","meta":{"_acf_changed":false,"om_disable_all_campaigns":false,"pagelayer_contact_templates":[],"_pagelayer_content":"","_monsterinsights_skip_tracking":false,"_monsterinsights_sitenote_active":false,"_monsterinsights_sitenote_note":"","_monsterinsights_sitenote_category":0},"product_brand":[492],"product_cat":[747],"product_tag":[809,457,807,811,803,812,810,805,806,808],"class_list":{"0":"post-10651","1":"product","2":"type-product","3":"status-publish","4":"has-post-thumbnail","6":"product_brand-redmi","7":"product_cat-celular-recondicionado","8":"product_tag-32gb","9":"product_tag-android","10":"product_tag-garantido","11":"product_tag-lente-traseira-nova","12":"product_tag-recondicionado","13":"product_tag-revisado","14":"product_tag-tampa-nova","15":"product_tag-tela-substituida","16":"product_tag-usado","17":"product_tag-xiaomi-redmi-9a","19":"first","20":"instock","21":"sale","22":"taxable","23":"shipping-taxable","24":"purchasable","25":"product-type-simple"},"acf":{"desconto_automatico":"10","desconto_ativo":false,"sob_encomenda":false},"aioseo_notices":[],"_links":{"self":[{"href":"https:\/\/edcelulares.com.br\/pt\/wp-json\/wp\/v2\/product\/10651","targetHints":{"allow":["GET"]}}],"collection":[{"href":"https:\/\/edcelulares.com.br\/pt\/wp-json\/wp\/v2\/product"}],"about":[{"href":"https:\/\/edcelulares.com.br\/pt\/wp-json\/wp\/v2\/types\/product"}],"replies":[{"embeddable":true,"href":"https:\/\/edcelulares.com.br\/pt\/wp-json\/wp\/v2\/comments?post=10651"}],"wp:featuredmedia":[{"embeddable":true,"href":"https:\/\/edcelulares.com.br\/pt\/wp-json\/wp\/v2\/media\/10660"}],"wp:attachment":[{"href":"https:\/\/edcelulares.com.br\/pt\/wp-json\/wp\/v2\/media?parent=10651"}],"wp:term":[{"taxonomy":"product_brand","embeddable":true,"href":"https:\/\/edcelulares.com.br\/pt\/wp-json\/wp\/v2\/product_brand?post=10651"},{"taxonomy":"product_cat","embeddable":true,"href":"https:\/\/edcelulares.com.br\/pt\/wp-json\/wp\/v2\/product_cat?post=10651"},{"taxonomy":"product_tag","embeddable":true,"href":"https:\/\/edcelulares.com.br\/pt\/wp-json\/wp\/v2\/product_tag?post=10651"}],"curies":[{"name":"wp","href":"https:\/\/api.w.org\/{rel}","templated":true}]}}