{"id":10617,"date":"2025-11-25T00:43:55","date_gmt":"2025-11-25T00:43:55","guid":{"rendered":"https:\/\/edcelulares.com.br\/?post_type=product&#038;p=10617"},"modified":"2025-11-25T00:53:50","modified_gmt":"2025-11-25T00:53:50","slug":"haylou-solar-lite-smartwatch","status":"publish","type":"product","link":"https:\/\/edcelulares.com.br\/pt\/produto\/haylou-solar-lite-smartwatch\/","title":{"rendered":"Smartwatch Haylou Solar Lite (LS05)"},"content":{"rendered":"<p data-start=\"374\" data-end=\"784\">O Haylou Solar Lite \u00e9 um smartwatch leve, inteligente e muito funcional. Equipado com uma tela de <strong data-start=\"472\" data-end=\"499\">1,38\u2033 sens\u00edvel ao toque<\/strong>, ele permite visualizar notifica\u00e7\u00f5es, acompanhar seus dados de sa\u00fade e monitorar suas atividades f\u00edsicas com clareza. Possui mais de <strong data-start=\"633\" data-end=\"656\">100 modos de treino<\/strong>, sendo ideal para usu\u00e1rios ativos que desejam registrar diferentes tipos de exerc\u00edcios. <span class=\"\" data-state=\"closed\"><span class=\"ms-1 inline-flex max-w-full items-center relative top-[-0.094rem] animate-[show_150ms_ease-in]\" data-testid=\"webpage-citation-pill\"><a class=\"flex h-4.5 overflow-hidden rounded-xl px-2 text-[9px] font-medium transition-colors duration-150 ease-in-out text-token-text-secondary! bg-[#F4F4F4]! dark:bg-[#303030]!\" href=\"https:\/\/haylou.info\/pt\/solar-lite.html?utm_source=chatgpt.com\" target=\"_blank\" rel=\"noopener\"><span class=\"relative start-0 bottom-0 flex h-full w-full items-center\"><span class=\"flex h-4 w-full items-center justify-between\"><span class=\"max-w-[15ch] grow truncate overflow-hidden text-center\">Haylou<\/span><span class=\"-me-1 flex h-full items-center rounded-full px-1 text-[#8F8F8F]\">+2<\/span><\/span><span class=\"flex h-4 w-full items-center justify-between absolute\"><span class=\"max-w-[15ch] grow truncate overflow-hidden text-center\">Haylou<\/span><span class=\"-me-1 flex h-full items-center rounded-full px-1 text-[#8F8F8F]\">+2<\/span><\/span><\/span><\/a><\/span><\/span><\/p>\n<p data-start=\"786\" data-end=\"1141\">Com resist\u00eancia <strong data-start=\"802\" data-end=\"810\">IP68<\/strong>, ele suporta suor, chuva e lavagens de m\u00e3os, sem se preocupar com imers\u00e3o profunda. <span class=\"\" data-state=\"closed\"><span class=\"ms-1 inline-flex max-w-full items-center relative top-[-0.094rem] animate-[show_150ms_ease-in]\" data-testid=\"webpage-citation-pill\"><a class=\"flex h-4.5 overflow-hidden rounded-xl px-2 text-[9px] font-medium transition-colors duration-150 ease-in-out text-token-text-secondary! bg-[#F4F4F4]! dark:bg-[#303030]!\" href=\"https:\/\/haylou.info\/pt\/solar-lite.html?utm_source=chatgpt.com\" target=\"_blank\" rel=\"noopener\"><span class=\"relative start-0 bottom-0 flex h-full w-full items-center\"><span class=\"flex h-4 w-full items-center justify-between\"><span class=\"max-w-[15ch] grow truncate overflow-hidden text-center\">Haylou<\/span><span class=\"-me-1 flex h-full items-center rounded-full px-1 text-[#8F8F8F]\">+1<\/span><\/span><\/span><\/a><\/span><\/span> O monitor de sa\u00fade inclui medi\u00e7\u00e3o de batimentos card\u00edacos 24h, SpO\u2082 (oxig\u00eanio no sangue), monitoramento de sono e at\u00e9 detec\u00e7\u00e3o de estresse com exerc\u00edcios de respira\u00e7\u00e3o. <span class=\"\" data-state=\"closed\"><span class=\"ms-1 inline-flex max-w-full items-center relative top-[-0.094rem] animate-[show_150ms_ease-in]\" data-testid=\"webpage-citation-pill\"><a class=\"flex h-4.5 overflow-hidden rounded-xl px-2 text-[9px] font-medium transition-colors duration-150 ease-in-out text-token-text-secondary! bg-[#F4F4F4]! dark:bg-[#303030]!\" href=\"https:\/\/haylou.com.py\/product\/detail\/haylou-solar-lite?utm_source=chatgpt.com\" target=\"_blank\" rel=\"noopener\"><span class=\"relative start-0 bottom-0 flex h-full w-full items-center\"><span class=\"flex h-4 w-full items-center justify-between overflow-hidden\"><span class=\"max-w-[15ch] grow truncate overflow-hidden text-center\">Haylou<\/span><\/span><\/span><\/a><\/span><\/span><\/p>\n<p data-start=\"1143\" data-end=\"1438\">A <strong data-start=\"1145\" data-end=\"1167\">bateria de 240 mAh<\/strong> oferece at\u00e9 <strong data-start=\"1180\" data-end=\"1205\">10 dias de uso normal<\/strong> e at\u00e9 <strong data-start=\"1212\" data-end=\"1241\">20 dias no modo econ\u00f4mico<\/strong>, segundo a Haylou. <span class=\"\" data-state=\"closed\"><span class=\"ms-1 inline-flex max-w-full items-center relative top-[-0.094rem] animate-[show_150ms_ease-in]\" data-testid=\"webpage-citation-pill\"><a class=\"flex h-4.5 overflow-hidden rounded-xl px-2 text-[9px] font-medium transition-colors duration-150 ease-in-out text-token-text-secondary! bg-[#F4F4F4]! dark:bg-[#303030]!\" href=\"https:\/\/haylou.info\/pt\/solar-lite.html?utm_source=chatgpt.com\" target=\"_blank\" rel=\"noopener\"><span class=\"relative start-0 bottom-0 flex h-full w-full items-center\"><span class=\"flex h-4 w-full items-center justify-between\"><span class=\"max-w-[15ch] grow truncate overflow-hidden text-center\">Haylou<\/span><span class=\"-me-1 flex h-full items-center rounded-full px-1 text-[#8F8F8F]\">+1<\/span><\/span><\/span><\/a><\/span><\/span> A conex\u00e3o \u00e9 feita via <strong data-start=\"1321\" data-end=\"1338\">Bluetooth 5.3<\/strong>, garantido emparelhamento r\u00e1pido e est\u00e1vel com seu celular. <span class=\"\" data-state=\"closed\"><span class=\"ms-1 inline-flex max-w-full items-center relative top-[-0.094rem] animate-[show_150ms_ease-in]\" data-testid=\"webpage-citation-pill\"><a class=\"flex h-4.5 overflow-hidden rounded-xl px-2 text-[9px] font-medium transition-colors duration-150 ease-in-out text-token-text-secondary! bg-[#F4F4F4]! dark:bg-[#303030]!\" href=\"https:\/\/haylou.com.py\/product\/detail\/haylou-solar-lite?utm_source=chatgpt.com\" target=\"_blank\" rel=\"noopener\"><span class=\"relative start-0 bottom-0 flex h-full w-full items-center\"><span class=\"flex h-4 w-full items-center justify-between overflow-hidden\"><span class=\"max-w-[15ch] grow truncate overflow-hidden text-center\">Haylou<\/span><\/span><\/span><\/a><\/span><\/span><\/p>\n<p data-start=\"1440\" data-end=\"1657\">Ele sincroniza com o app <strong data-start=\"1465\" data-end=\"1479\">Haylou Fun<\/strong>, onde voc\u00ea pode personalizar mostradores (s\u00e3o mais de 100 faces dispon\u00edveis), registrar seus treinos, acompanhar a sa\u00fade e ajustar alertas. <span class=\"\" data-state=\"closed\"><span class=\"ms-1 inline-flex max-w-full items-center relative top-[-0.094rem] animate-[show_150ms_ease-in]\" data-testid=\"webpage-citation-pill\"><a class=\"flex h-4.5 overflow-hidden rounded-xl px-2 text-[9px] font-medium transition-colors duration-150 ease-in-out text-token-text-secondary! bg-[#F4F4F4]! dark:bg-[#303030]!\" href=\"https:\/\/haylou.info\/pt\/solar-lite.html?utm_source=chatgpt.com\" target=\"_blank\" rel=\"noopener\"><span class=\"relative start-0 bottom-0 flex h-full w-full items-center\"><span class=\"flex h-4 w-full items-center justify-between overflow-hidden\"><span class=\"max-w-[15ch] grow truncate overflow-hidden text-center\">Haylou<\/span><\/span><\/span><\/a><\/span><\/span><\/p>\n","protected":false},"excerpt":{"rendered":"<p data-start=\"1686\" data-end=\"1823\">Haylou Solar Lite: smartwatch resistente com tela 1,38\u2033, monitor de sa\u00fade completo, 100 modos de treino, IP68 e bateria de longa dura\u00e7\u00e3o.<\/p>","protected":false},"featured_media":10618,"comment_status":"open","ping_status":"closed","template":"","meta":{"_acf_changed":false,"om_disable_all_campaigns":false,"pagelayer_contact_templates":[],"_pagelayer_content":"","_monsterinsights_skip_tracking":false,"_monsterinsights_sitenote_active":false,"_monsterinsights_sitenote_note":"","_monsterinsights_sitenote_category":0},"product_brand":[787],"product_cat":[760],"product_tag":[791,790,788,792,778,765,762,789,767],"class_list":{"0":"post-10617","1":"product","2":"type-product","3":"status-publish","4":"has-post-thumbnail","6":"product_brand-haylou","7":"product_cat-smartwatch","8":"product_tag-1-38","9":"product_tag-100-modos-esporte","10":"product_tag-haylou","11":"product_tag-haylou-fun","12":"product_tag-ip68","13":"product_tag-relogio-inteligente","14":"product_tag-smartwatch","15":"product_tag-solar-lite","16":"product_tag-spo2","18":"first","19":"instock","20":"sale","21":"taxable","22":"shipping-taxable","23":"purchasable","24":"product-type-simple"},"acf":{"desconto_automatico":"10","desconto_ativo":false,"sob_encomenda":false},"aioseo_notices":[],"_links":{"self":[{"href":"https:\/\/edcelulares.com.br\/pt\/wp-json\/wp\/v2\/product\/10617","targetHints":{"allow":["GET"]}}],"collection":[{"href":"https:\/\/edcelulares.com.br\/pt\/wp-json\/wp\/v2\/product"}],"about":[{"href":"https:\/\/edcelulares.com.br\/pt\/wp-json\/wp\/v2\/types\/product"}],"replies":[{"embeddable":true,"href":"https:\/\/edcelulares.com.br\/pt\/wp-json\/wp\/v2\/comments?post=10617"}],"wp:featuredmedia":[{"embeddable":true,"href":"https:\/\/edcelulares.com.br\/pt\/wp-json\/wp\/v2\/media\/10618"}],"wp:attachment":[{"href":"https:\/\/edcelulares.com.br\/pt\/wp-json\/wp\/v2\/media?parent=10617"}],"wp:term":[{"taxonomy":"product_brand","embeddable":true,"href":"https:\/\/edcelulares.com.br\/pt\/wp-json\/wp\/v2\/product_brand?post=10617"},{"taxonomy":"product_cat","embeddable":true,"href":"https:\/\/edcelulares.com.br\/pt\/wp-json\/wp\/v2\/product_cat?post=10617"},{"taxonomy":"product_tag","embeddable":true,"href":"https:\/\/edcelulares.com.br\/pt\/wp-json\/wp\/v2\/product_tag?post=10617"}],"curies":[{"name":"wp","href":"https:\/\/api.w.org\/{rel}","templated":true}]}}