{"id":10609,"date":"2025-11-24T22:42:29","date_gmt":"2025-11-24T22:42:29","guid":{"rendered":"https:\/\/edcelulares.com.br\/?post_type=product&#038;p=10609"},"modified":"2025-11-25T00:36:39","modified_gmt":"2025-11-25T00:36:39","slug":"smartwatch-hw9-ultra-mini-serie-9","status":"publish","type":"product","link":"https:\/\/edcelulares.com.br\/pt\/produto\/smartwatch-hw9-ultra-mini-serie-9\/","title":{"rendered":"Smartwatch HW9 Ultra Mini \u2013 S\u00e9rie 9, 41 mm"},"content":{"rendered":"<p data-start=\"400\" data-end=\"791\">O Smartwatch <strong data-start=\"413\" data-end=\"439\">HW9 Ultra Mini S\u00e9rie 9<\/strong> \u00e9 a combina\u00e7\u00e3o perfeita entre design compacto e tecnologia avan\u00e7ada. Com uma tela de <strong data-start=\"525\" data-end=\"534\">1,75\u2033<\/strong>, ele entrega uma \u00f3tima experi\u00eancia visual em um corpo pequeno e leve de <strong data-start=\"607\" data-end=\"616\">41 mm<\/strong>. Compat\u00edvel com Android e iOS, esse rel\u00f3gio permite fazer e receber chamadas via Bluetooth, al\u00e9m de exibir notifica\u00e7\u00f5es de mensagens de aplicativos como WhatsApp e Instagram.<\/p>\n<p data-start=\"793\" data-end=\"1144\">O HW9 Ultra Mini traz <strong data-start=\"815\" data-end=\"850\">monitoramento de sa\u00fade completo<\/strong>: frequ\u00eancia card\u00edaca, oxig\u00eanio no sangue (SpO\u2082) e sono s\u00e3o monitorados para te ajudar a entender melhor sua sa\u00fade. Ele tamb\u00e9m possui <strong data-start=\"984\" data-end=\"1007\">GPS pareado via app<\/strong>, para rastrear suas rotas em atividades f\u00edsicas, e <strong data-start=\"1059\" data-end=\"1076\">NFC integrado<\/strong> para abrir fechaduras eletr\u00f4nicas compat\u00edveis (n\u00e3o para pagamento).<\/p>\n<p data-start=\"1146\" data-end=\"1371\">Sua bateria de <strong data-start=\"1161\" data-end=\"1172\">200 mAh<\/strong> garante autonomia de <strong data-start=\"1194\" data-end=\"1208\">1 a 7 dias<\/strong>, dependendo do uso, e \u00e9 recarregada via indu\u00e7\u00e3o magn\u00e9tica, facilitando o carregamento. Com classifica\u00e7\u00e3o IP67, o rel\u00f3gio resiste a respingos e suor no uso di\u00e1rio.<\/p>\n<p data-start=\"1373\" data-end=\"1683\">Entre suas fun\u00e7\u00f5es, est\u00e3o: assistente de voz, controle de m\u00fasica, controle remoto da c\u00e2mera do celular, cron\u00f4metro, alarme, calculadora, monitor esportivo com v\u00e1rios modos, e ainda um sistema de bloqueio de tela por senha para seguran\u00e7a. Al\u00e9m disso, vem com duas pulseiras (segundo a vers\u00e3o da Magazine Luiza).<\/p>","protected":false},"excerpt":{"rendered":"<p data-start=\"1649\" data-end=\"1759\">Rel\u00f3gio inteligente HW9 Ultra Mini 41 mm com tela 1,75\u2033, monitor card\u00edaco, GPS via app, NFC e autonomia de at\u00e9 7 dias.<\/p>","protected":false},"featured_media":10616,"comment_status":"open","ping_status":"closed","template":"","meta":{"_acf_changed":false,"om_disable_all_campaigns":false,"pagelayer_contact_templates":[],"_pagelayer_content":"","_monsterinsights_skip_tracking":false,"_monsterinsights_sitenote_active":false,"_monsterinsights_sitenote_note":"","_monsterinsights_sitenote_category":0},"product_brand":[782],"product_cat":[760],"product_tag":[786,772,783,785,765,773,762,784,774],"class_list":{"0":"post-10609","1":"product","2":"type-product","3":"status-publish","4":"has-post-thumbnail","6":"product_brand-hw9","7":"product_cat-smartwatch","8":"product_tag-41mm","9":"product_tag-gps","10":"product_tag-hw9","11":"product_tag-nfc","12":"product_tag-relogio-inteligente","13":"product_tag-saude","14":"product_tag-smartwatch","15":"product_tag-ultra-mini","16":"product_tag-wearable","18":"first","19":"instock","20":"sale","21":"taxable","22":"shipping-taxable","23":"purchasable","24":"product-type-simple"},"acf":{"desconto_automatico":"10","desconto_ativo":false,"sob_encomenda":false},"aioseo_notices":[],"_links":{"self":[{"href":"https:\/\/edcelulares.com.br\/pt\/wp-json\/wp\/v2\/product\/10609","targetHints":{"allow":["GET"]}}],"collection":[{"href":"https:\/\/edcelulares.com.br\/pt\/wp-json\/wp\/v2\/product"}],"about":[{"href":"https:\/\/edcelulares.com.br\/pt\/wp-json\/wp\/v2\/types\/product"}],"replies":[{"embeddable":true,"href":"https:\/\/edcelulares.com.br\/pt\/wp-json\/wp\/v2\/comments?post=10609"}],"wp:featuredmedia":[{"embeddable":true,"href":"https:\/\/edcelulares.com.br\/pt\/wp-json\/wp\/v2\/media\/10616"}],"wp:attachment":[{"href":"https:\/\/edcelulares.com.br\/pt\/wp-json\/wp\/v2\/media?parent=10609"}],"wp:term":[{"taxonomy":"product_brand","embeddable":true,"href":"https:\/\/edcelulares.com.br\/pt\/wp-json\/wp\/v2\/product_brand?post=10609"},{"taxonomy":"product_cat","embeddable":true,"href":"https:\/\/edcelulares.com.br\/pt\/wp-json\/wp\/v2\/product_cat?post=10609"},{"taxonomy":"product_tag","embeddable":true,"href":"https:\/\/edcelulares.com.br\/pt\/wp-json\/wp\/v2\/product_tag?post=10609"}],"curies":[{"name":"wp","href":"https:\/\/api.w.org\/{rel}","templated":true}]}}