{"id":10236,"date":"2025-11-16T20:51:48","date_gmt":"2025-11-16T20:51:48","guid":{"rendered":"https:\/\/edcelulares.com.br\/?post_type=product&#038;p=10236"},"modified":"2025-11-18T22:36:59","modified_gmt":"2025-11-18T22:36:59","slug":"iphone-14-128gb-semi-novo-vitrine","status":"publish","type":"product","link":"https:\/\/edcelulares.com.br\/pt\/produto\/iphone-14-128gb-semi-novo-vitrine\/","title":{"rendered":"iPhone 14 128 GB &#8211; Semi novo Vitrine (Sa\u00fade da bateria 85%-100%)"},"content":{"rendered":"<p data-start=\"347\" data-end=\"732\">Este \u00e9 um <strong data-start=\"405\" data-end=\"435\">iPhone 14 seminovo vitrine<\/strong>, original e testado, em perfeito funcionamento. Oferecemos <strong data-start=\"495\" data-end=\"518\">90 dias de garantia<\/strong> contra defeito de fabrica\u00e7\u00e3o. O fornecedor garante <strong data-start=\"570\" data-end=\"587\">m\u00ednimo de 85%<\/strong> de sa\u00fade da bateria; dependendo do lote, a sa\u00fade pode chegar a <strong data-start=\"651\" data-end=\"659\">100%<\/strong> \u2014 por isso informamos o intervalo <strong data-start=\"694\" data-end=\"705\">85-100%<\/strong>, conforme o lote recebido.<\/p>\n<p data-start=\"734\" data-end=\"828\">Por se tratar de aparelho seminovo vitrine, <strong data-start=\"778\" data-end=\"795\">n\u00e3o acompanha<\/strong> cabo, caixa ou manual originais.<\/p>\n<p data-start=\"830\" data-end=\"954\">\u2714\ufe0f Produto original<br data-start=\"849\" data-end=\"852\" \/>\u2714\ufe0f Totalmente testado<br data-start=\"873\" data-end=\"876\" \/>\u2714\ufe0f Sa\u00fade da bateria garantida entre 85% e 100%<br data-start=\"922\" data-end=\"925\" \/>\u2714\ufe0f Pronto para uso imediato<\/p>\n<p data-start=\"956\" data-end=\"1986\"><strong data-start=\"956\" data-end=\"1000\">Descri\u00e7\u00e3o oficial do fabricante (Apple):<\/strong><br data-start=\"1000\" data-end=\"1003\" \/>O iPhone 14 foi lan\u00e7ado em 2022 e possui frente em <strong data-start=\"1054\" data-end=\"1072\">Ceramic Shield<\/strong>, traseira de vidro e estrutura de alum\u00ednio. <span class=\"\" data-state=\"closed\"><span class=\"ms-1 inline-flex max-w-full items-center relative top-[-0.094rem] animate-[show_150ms_ease-in]\" data-testid=\"webpage-citation-pill\"><a class=\"flex h-4.5 overflow-hidden rounded-xl px-2 text-[9px] font-medium transition-colors duration-150 ease-in-out text-token-text-secondary! bg-[#F4F4F4]! dark:bg-[#303030]!\" href=\"https:\/\/support.apple.com\/pt-br\/111850?utm_source=chatgpt.com\" target=\"_blank\" rel=\"noopener\"><span class=\"relative start-0 bottom-0 flex h-full w-full items-center\"><span class=\"flex h-4 w-full items-center justify-between\"><span class=\"max-w-[15ch] grow truncate overflow-hidden text-center\">Suporte Apple<\/span><span class=\"-me-1 flex h-full items-center rounded-full px-1 text-[#8F8F8F]\">+2<\/span><\/span><span class=\"flex h-4 w-full items-center justify-between absolute\"><span class=\"max-w-[15ch] grow truncate overflow-hidden text-center\">Suporte Apple<\/span><span class=\"-me-1 flex h-full items-center rounded-full px-1 text-[#8F8F8F]\">+2<\/span><\/span><\/span><\/a><\/span><\/span><br data-start=\"1154\" data-end=\"1157\" \/>Ele \u00e9 equipado com o chip <strong data-start=\"1183\" data-end=\"1197\">A15 Bionic<\/strong> (6 n\u00facleos) para desempenho forte e eficiente. <span class=\"\" data-state=\"closed\"><span class=\"ms-1 inline-flex max-w-full items-center relative top-[-0.094rem] animate-[show_150ms_ease-in]\" data-testid=\"webpage-citation-pill\"><a class=\"flex h-4.5 overflow-hidden rounded-xl px-2 text-[9px] font-medium transition-colors duration-150 ease-in-out text-token-text-secondary! bg-[#F4F4F4]! dark:bg-[#303030]!\" href=\"https:\/\/support.apple.com\/en-md\/111850?utm_source=chatgpt.com\" target=\"_blank\" rel=\"noopener\"><span class=\"relative start-0 bottom-0 flex h-full w-full items-center\"><span class=\"flex h-4 w-full items-center justify-between\"><span class=\"max-w-[15ch] grow truncate overflow-hidden text-center\">Suporte Apple<\/span><span class=\"-me-1 flex h-full items-center rounded-full px-1 text-[#8F8F8F]\">+2<\/span><\/span><span class=\"flex h-4 w-full items-center justify-between absolute\"><span class=\"max-w-[15ch] grow truncate overflow-hidden text-center\">Suporte Apple<\/span><span class=\"-me-1 flex h-full items-center rounded-full px-1 text-[#8F8F8F]\">+2<\/span><\/span><\/span><\/a><\/span><\/span><br data-start=\"1282\" data-end=\"1285\" \/>O sistema de c\u00e2meras conta com duas lentes de 12 MP (uma grande-angular \u0192\/1.5 e uma ultra-angular \u0192\/2.4, 120\u00b0), al\u00e9m de <strong data-start=\"1405\" data-end=\"1424\">Photonic Engine<\/strong> para fotos melhores em ambientes com pouca luz. <span class=\"\" data-state=\"closed\"><span class=\"ms-1 inline-flex max-w-full items-center relative top-[-0.094rem] animate-[show_150ms_ease-in]\" data-testid=\"webpage-citation-pill\"><a class=\"flex h-4.5 overflow-hidden rounded-xl px-2 text-[9px] font-medium transition-colors duration-150 ease-in-out text-token-text-secondary! bg-[#F4F4F4]! dark:bg-[#303030]!\" href=\"https:\/\/support.apple.com\/pt-br\/111850?utm_source=chatgpt.com\" target=\"_blank\" rel=\"noopener\"><span class=\"relative start-0 bottom-0 flex h-full w-full items-center\"><span class=\"flex h-4 w-full items-center justify-between\"><span class=\"max-w-[15ch] grow truncate overflow-hidden text-center\">Suporte Apple<\/span><span class=\"-me-1 flex h-full items-center rounded-full px-1 text-[#8F8F8F]\">+1<\/span><\/span><\/span><\/a><\/span><\/span><br data-start=\"1510\" data-end=\"1513\" \/>Para v\u00eddeo, grava em <strong data-start=\"1534\" data-end=\"1540\">4K<\/strong> com Dolby Vision, modo Cinem\u00e1tico e outras op\u00e7\u00f5es avan\u00e7adas. <span class=\"\" data-state=\"closed\"><span class=\"ms-1 inline-flex max-w-full items-center relative top-[-0.094rem] animate-[show_150ms_ease-in]\" data-testid=\"webpage-citation-pill\"><a class=\"flex h-4.5 overflow-hidden rounded-xl px-2 text-[9px] font-medium transition-colors duration-150 ease-in-out text-token-text-secondary! bg-[#F4F4F4]! dark:bg-[#303030]!\" href=\"https:\/\/tamaisbarato.com.br\/ficha-tecnica-do-celular-iphone-14?utm_source=chatgpt.com\" target=\"_blank\" rel=\"noopener\"><span class=\"relative start-0 bottom-0 flex h-full w-full items-center\"><span class=\"flex h-4 w-full items-center justify-between\"><span class=\"max-w-[15ch] grow truncate overflow-hidden text-center\">Tamais Barato<\/span><span class=\"-me-1 flex h-full items-center rounded-full px-1 text-[#8F8F8F]\">+1<\/span><\/span><\/span><\/a><\/span><\/span><br data-start=\"1639\" data-end=\"1642\" \/>Em rela\u00e7\u00e3o \u00e0 bateria, a Apple informa: at\u00e9 <strong data-start=\"1685\" data-end=\"1697\">20 horas<\/strong> de reprodu\u00e7\u00e3o de v\u00eddeo, <strong data-start=\"1722\" data-end=\"1734\">16 horas<\/strong> em streaming e <strong data-start=\"1750\" data-end=\"1762\">80 horas<\/strong> de \u00e1udio. <span class=\"\" data-state=\"closed\"><span class=\"ms-1 inline-flex max-w-full items-center relative top-[-0.094rem] animate-[show_150ms_ease-in]\" data-testid=\"webpage-citation-pill\"><a class=\"flex h-4.5 overflow-hidden rounded-xl px-2 text-[9px] font-medium transition-colors duration-150 ease-in-out text-token-text-secondary! bg-[#F4F4F4]! dark:bg-[#303030]!\" href=\"https:\/\/support.apple.com\/pt-br\/111850?utm_source=chatgpt.com\" target=\"_blank\" rel=\"noopener\"><span class=\"relative start-0 bottom-0 flex h-full w-full items-center\"><span class=\"flex h-4 w-full items-center justify-between overflow-hidden\"><span class=\"max-w-[15ch] grow truncate overflow-hidden text-center\">Suporte Apple<\/span><\/span><\/span><\/a><\/span><\/span><br data-start=\"1810\" data-end=\"1813\" \/>O aparelho tem <strong data-start=\"1828\" data-end=\"1850\">classifica\u00e7\u00e3o IP68<\/strong> para resist\u00eancia \u00e0 \u00e1gua e poeira (at\u00e9 6 metros por at\u00e9 30 minutos, conforme a norma IEC 60529). <span class=\"\" data-state=\"closed\"><span class=\"ms-1 inline-flex max-w-full items-center relative top-[-0.094rem] animate-[show_150ms_ease-in]\" data-testid=\"webpage-citation-pill\"><a class=\"flex h-4.5 overflow-hidden rounded-xl px-2 text-[9px] font-medium transition-colors duration-150 ease-in-out text-token-text-secondary! bg-[#F4F4F4]! dark:bg-[#303030]!\" href=\"https:\/\/support.apple.com\/pt-br\/111850?utm_source=chatgpt.com\" target=\"_blank\" rel=\"noopener\"><span class=\"relative start-0 bottom-0 flex h-full w-full items-center\"><span class=\"flex h-4 w-full items-center justify-between\"><span class=\"max-w-[15ch] grow truncate overflow-hidden text-center\">Suporte Apple<\/span><span class=\"-me-1 flex h-full items-center rounded-full px-1 text-[#8F8F8F]\">+1<\/span><\/span><\/span><\/a><\/span><\/span><\/p>\n","protected":false},"excerpt":{"rendered":"<p>iPhone 14 128 GB seminovo vitrine \u2014 bateria garantida 85-100%, original, testado e com 90 dias de garantia.<\/p>","protected":false},"featured_media":10217,"comment_status":"open","ping_status":"closed","template":"","meta":{"_acf_changed":false,"om_disable_all_campaigns":false,"pagelayer_contact_templates":[],"_pagelayer_content":"","_monsterinsights_skip_tracking":false,"_monsterinsights_sitenote_active":false,"_monsterinsights_sitenote_note":"","_monsterinsights_sitenote_category":0},"product_brand":[236],"product_cat":[746],"product_tag":[455,261,472,653,655,258,696,511,688,684,691,686],"class_list":{"0":"post-10236","1":"product","2":"type-product","3":"status-publish","4":"has-post-thumbnail","6":"product_brand-iphone","7":"product_cat-celular-seminovo","8":"product_tag-128gb","9":"product_tag-apple","10":"product_tag-azul","11":"product_tag-bateria-85-100","12":"product_tag-branco","13":"product_tag-iphone","14":"product_tag-iphone-14","15":"product_tag-lilas","16":"product_tag-meia-noite","17":"product_tag-semi-novo","18":"product_tag-vermelho","19":"product_tag-vitrine","21":"first","22":"instock","23":"sale","24":"taxable","25":"shipping-taxable","26":"purchasable","27":"product-type-variable"},"acf":{"sob_encomenda":false,"desconto_automatico":"50","desconto_ativo":false},"aioseo_notices":[],"_links":{"self":[{"href":"https:\/\/edcelulares.com.br\/pt\/wp-json\/wp\/v2\/product\/10236","targetHints":{"allow":["GET"]}}],"collection":[{"href":"https:\/\/edcelulares.com.br\/pt\/wp-json\/wp\/v2\/product"}],"about":[{"href":"https:\/\/edcelulares.com.br\/pt\/wp-json\/wp\/v2\/types\/product"}],"replies":[{"embeddable":true,"href":"https:\/\/edcelulares.com.br\/pt\/wp-json\/wp\/v2\/comments?post=10236"}],"wp:featuredmedia":[{"embeddable":true,"href":"https:\/\/edcelulares.com.br\/pt\/wp-json\/wp\/v2\/media\/10217"}],"wp:attachment":[{"href":"https:\/\/edcelulares.com.br\/pt\/wp-json\/wp\/v2\/media?parent=10236"}],"wp:term":[{"taxonomy":"product_brand","embeddable":true,"href":"https:\/\/edcelulares.com.br\/pt\/wp-json\/wp\/v2\/product_brand?post=10236"},{"taxonomy":"product_cat","embeddable":true,"href":"https:\/\/edcelulares.com.br\/pt\/wp-json\/wp\/v2\/product_cat?post=10236"},{"taxonomy":"product_tag","embeddable":true,"href":"https:\/\/edcelulares.com.br\/pt\/wp-json\/wp\/v2\/product_tag?post=10236"}],"curies":[{"name":"wp","href":"https:\/\/api.w.org\/{rel}","templated":true}]}}