{"id":10201,"date":"2025-11-16T17:46:46","date_gmt":"2025-11-16T17:46:46","guid":{"rendered":"https:\/\/edcelulares.com.br\/?post_type=product&#038;p=10201"},"modified":"2025-11-18T22:37:37","modified_gmt":"2025-11-18T22:37:37","slug":"iphone-14-plus-256gb-semi-novo-vitrine","status":"publish","type":"product","link":"https:\/\/edcelulares.com.br\/pt\/produto\/iphone-14-plus-256gb-semi-novo-vitrine\/","title":{"rendered":"iPhone 14 Plus 256 GB &#8211; Semi novo Vitrine (Sa\u00fade da bateria 85%-100%)"},"content":{"rendered":"<p data-start=\"291\" data-end=\"672\">Este \u00e9 um iPhone 14 Plus seminovo vitrine, original e testado, em perfeito funcionamento. Oferecemos 90 dias de garantia contra defeito de fabrica\u00e7\u00e3o. O fornecedor garante m\u00ednimo de <strong data-start=\"521\" data-end=\"548\">85% de sa\u00fade da bateria<\/strong>; dependendo do lote, a sa\u00fade pode chegar a <strong data-start=\"592\" data-end=\"600\">100%<\/strong>, por isso informamos o intervalo <strong data-start=\"634\" data-end=\"645\">85-100%<\/strong>, conforme o lote recebido.<\/p>\n<p data-start=\"674\" data-end=\"768\">Por se tratar de aparelho seminovo vitrine, <strong data-start=\"718\" data-end=\"735\">n\u00e3o acompanha<\/strong> cabo, caixa ou manual originais.<\/p>\n<p data-start=\"770\" data-end=\"894\">\u2714\ufe0f Produto original<br data-start=\"789\" data-end=\"792\" \/>\u2714\ufe0f Totalmente testado<br data-start=\"813\" data-end=\"816\" \/>\u2714\ufe0f Sa\u00fade da bateria garantida entre 85% e 100%<br data-start=\"862\" data-end=\"865\" \/>\u2714\ufe0f Pronto para uso imediato<\/p>\n<p data-start=\"896\" data-end=\"973\">\u26a0\ufe0f Por ser seminovo de vitrine, n\u00e3o acompanha cabo, manual ou caixa original.<\/p>\n<p data-start=\"975\" data-end=\"2045\"><strong data-start=\"975\" data-end=\"1019\">Descri\u00e7\u00e3o oficial do fabricante (Apple):<\/strong><br data-start=\"1019\" data-end=\"1022\" \/>O iPhone 14 Plus foi lan\u00e7ado em 2022 com uma tela Super Retina XDR OLED de <strong data-start=\"1097\" data-end=\"1105\">6,7\u2033<\/strong>, e design em alum\u00ednio com frente em Ceramic Shield. <span class=\"\" data-state=\"closed\"><span class=\"ms-1 inline-flex max-w-full items-center relative top-[-0.094rem] animate-[show_150ms_ease-in]\" data-testid=\"webpage-citation-pill\"><a class=\"flex h-4.5 overflow-hidden rounded-xl px-2 text-[9px] font-medium transition-colors duration-150 ease-in-out text-token-text-secondary! bg-[#F4F4F4]! dark:bg-[#303030]!\" href=\"https:\/\/support.apple.com\/pt-pt\/111854?utm_source=chatgpt.com\" target=\"_blank\" rel=\"noopener\"><span class=\"relative start-0 bottom-0 flex h-full w-full items-center\"><span class=\"flex h-4 w-full items-center justify-between\"><span class=\"max-w-[15ch] grow truncate overflow-hidden text-center\">Suporte Apple<\/span><span class=\"-me-1 flex h-full items-center rounded-full px-1 text-[#8F8F8F]\">+2<\/span><\/span><span class=\"flex h-4 w-full items-center justify-between absolute\"><span class=\"max-w-[15ch] grow truncate overflow-hidden text-center\">Suporte Apple<\/span><span class=\"-me-1 flex h-full items-center rounded-full px-1 text-[#8F8F8F]\">+2<\/span><\/span><\/span><\/a><\/span><\/span><br data-start=\"1195\" data-end=\"1198\" \/>Ele \u00e9 equipado com o chip <strong data-start=\"1224\" data-end=\"1238\">A15 Bionic<\/strong>, oferecendo alto desempenho e efici\u00eancia. <span class=\"\" data-state=\"closed\"><span class=\"ms-1 inline-flex max-w-full items-center relative top-[-0.094rem] animate-[show_150ms_ease-in]\" data-testid=\"webpage-citation-pill\"><a class=\"flex h-4.5 overflow-hidden rounded-xl px-2 text-[9px] font-medium transition-colors duration-150 ease-in-out text-token-text-secondary! bg-[#F4F4F4]! dark:bg-[#303030]!\" href=\"https:\/\/support.apple.com\/en-us\/111854?utm_source=chatgpt.com\" target=\"_blank\" rel=\"noopener\"><span class=\"relative start-0 bottom-0 flex h-full w-full items-center\"><span class=\"flex h-4 w-full items-center justify-between\"><span class=\"max-w-[15ch] grow truncate overflow-hidden text-center\">Suporte Apple<\/span><span class=\"-me-1 flex h-full items-center rounded-full px-1 text-[#8F8F8F]\">+1<\/span><\/span><\/span><\/a><\/span><\/span><br data-start=\"1318\" data-end=\"1321\" \/>Conta com sistema de c\u00e2mera dupla de 12 MP: uma grande-angular (\u0192\/1.5) e uma ultra-angular (\u0192\/2.4) com campo de vis\u00e3o de 120\u00b0, al\u00e9m de <strong data-start=\"1456\" data-end=\"1475\">Photonic Engine<\/strong> para fotos com pouca luz. <span class=\"\" data-state=\"closed\"><span class=\"ms-1 inline-flex max-w-full items-center relative top-[-0.094rem] animate-[show_150ms_ease-in]\" data-testid=\"webpage-citation-pill\"><a class=\"flex h-4.5 overflow-hidden rounded-xl px-2 text-[9px] font-medium transition-colors duration-150 ease-in-out text-token-text-secondary! bg-[#F4F4F4]! dark:bg-[#303030]!\" href=\"https:\/\/support.apple.com\/pt-pt\/111854?utm_source=chatgpt.com\" target=\"_blank\" rel=\"noopener\"><span class=\"relative start-0 bottom-0 flex h-full w-full items-center\"><span class=\"flex h-4 w-full items-center justify-between\"><span class=\"max-w-[15ch] grow truncate overflow-hidden text-center\">Suporte Apple<\/span><span class=\"-me-1 flex h-full items-center rounded-full px-1 text-[#8F8F8F]\">+1<\/span><\/span><\/span><\/a><\/span><\/span><br data-start=\"1539\" data-end=\"1542\" \/>Em v\u00eddeo, grava em 4K (at\u00e9 60 fps), possui modo Cinema e estabiliza\u00e7\u00e3o avan\u00e7ada. <span class=\"\" data-state=\"closed\"><span class=\"ms-1 inline-flex max-w-full items-center relative top-[-0.094rem] animate-[show_150ms_ease-in]\" data-testid=\"webpage-citation-pill\"><a class=\"flex h-4.5 overflow-hidden rounded-xl px-2 text-[9px] font-medium transition-colors duration-150 ease-in-out text-token-text-secondary! bg-[#F4F4F4]! dark:bg-[#303030]!\" href=\"https:\/\/support.apple.com\/en-us\/111854?utm_source=chatgpt.com\" target=\"_blank\" rel=\"noopener\"><span class=\"relative start-0 bottom-0 flex h-full w-full items-center\"><span class=\"flex h-4 w-full items-center justify-between overflow-hidden\"><span class=\"max-w-[15ch] grow truncate overflow-hidden text-center\">Suporte Apple<\/span><\/span><\/span><\/a><\/span><\/span><br data-start=\"1660\" data-end=\"1663\" \/>Na parte de seguran\u00e7a, tem <strong data-start=\"1690\" data-end=\"1720\">Emergency SOS por sat\u00e9lite<\/strong> e <strong data-start=\"1723\" data-end=\"1765\">Detec\u00e7\u00e3o de Acidente (Crash Detection)<\/strong>, recursos destacados pela Apple. <span class=\"\" data-state=\"closed\"><span class=\"ms-1 inline-flex max-w-full items-center relative top-[-0.094rem] animate-[show_150ms_ease-in]\" data-testid=\"webpage-citation-pill\"><a class=\"flex h-4.5 overflow-hidden rounded-xl px-2 text-[9px] font-medium transition-colors duration-150 ease-in-out text-token-text-secondary! bg-[#F4F4F4]! dark:bg-[#303030]!\" href=\"https:\/\/www.apple.com\/newsroom\/2022\/09\/apple-introduces-iphone-14-and-iphone-14-plus\/?utm_source=chatgpt.com\" target=\"_blank\" rel=\"noopener\"><span class=\"relative start-0 bottom-0 flex h-full w-full items-center\"><span class=\"flex h-4 w-full items-center justify-between overflow-hidden\"><span class=\"max-w-[15ch] grow truncate overflow-hidden text-center\">Apple<\/span><\/span><\/span><\/a><\/span><\/span><br data-start=\"1836\" data-end=\"1839\" \/>A Apple tamb\u00e9m informa que esse modelo oferece a <strong data-start=\"1888\" data-end=\"1943\">maior dura\u00e7\u00e3o de bateria j\u00e1 vista em um iPhone Plus<\/strong>, com at\u00e9 <strong data-start=\"1953\" data-end=\"1984\">26 h de reprodu\u00e7\u00e3o de v\u00eddeo<\/strong> segundo seus testes. <span class=\"\" data-state=\"closed\"><span class=\"ms-1 inline-flex max-w-full items-center relative top-[-0.094rem] animate-[show_150ms_ease-in]\" data-testid=\"webpage-citation-pill\"><a class=\"flex h-4.5 overflow-hidden rounded-xl px-2 text-[9px] font-medium transition-colors duration-150 ease-in-out text-token-text-secondary! bg-[#F4F4F4]! dark:bg-[#303030]!\" href=\"https:\/\/support.apple.com\/en-mide\/111854?utm_source=chatgpt.com\" target=\"_blank\" rel=\"noopener\"><span class=\"relative start-0 bottom-0 flex h-full w-full items-center\"><span class=\"flex h-4 w-full items-center justify-between overflow-hidden\"><span class=\"max-w-[15ch] grow truncate overflow-hidden text-center\">Suporte Apple<\/span><\/span><\/span><\/a><\/span><\/span><\/p>\n","protected":false},"excerpt":{"rendered":"<p>iPhone 14 Plus 256 GB seminovo vitrine \u2014 bateria garantida 85%-100%, original, testado e com 90 dias de garantia.<\/p>","protected":false},"featured_media":10208,"comment_status":"open","ping_status":"closed","template":"","meta":{"_acf_changed":false,"om_disable_all_campaigns":false,"pagelayer_contact_templates":[],"_pagelayer_content":"","_monsterinsights_skip_tracking":false,"_monsterinsights_sitenote_active":false,"_monsterinsights_sitenote_note":"","_monsterinsights_sitenote_category":0},"product_brand":[236],"product_cat":[746],"product_tag":[461,261,472,653,687,258,447,511,688,685,684,686],"class_list":{"0":"post-10201","1":"product","2":"type-product","3":"status-publish","4":"has-post-thumbnail","6":"product_brand-iphone","7":"product_cat-celular-seminovo","8":"product_tag-256gb","9":"product_tag-apple","10":"product_tag-azul","11":"product_tag-bateria-85-100","12":"product_tag-celular-usado","13":"product_tag-iphone","14":"product_tag-iphone-14-plus","15":"product_tag-lilas","16":"product_tag-meia-noite","17":"product_tag-plus","18":"product_tag-semi-novo","19":"product_tag-vitrine","21":"first","22":"instock","23":"sale","24":"taxable","25":"shipping-taxable","26":"purchasable","27":"product-type-variable"},"acf":{"sob_encomenda":false,"desconto_automatico":"100","desconto_ativo":false},"aioseo_notices":[],"_links":{"self":[{"href":"https:\/\/edcelulares.com.br\/pt\/wp-json\/wp\/v2\/product\/10201","targetHints":{"allow":["GET"]}}],"collection":[{"href":"https:\/\/edcelulares.com.br\/pt\/wp-json\/wp\/v2\/product"}],"about":[{"href":"https:\/\/edcelulares.com.br\/pt\/wp-json\/wp\/v2\/types\/product"}],"replies":[{"embeddable":true,"href":"https:\/\/edcelulares.com.br\/pt\/wp-json\/wp\/v2\/comments?post=10201"}],"wp:featuredmedia":[{"embeddable":true,"href":"https:\/\/edcelulares.com.br\/pt\/wp-json\/wp\/v2\/media\/10208"}],"wp:attachment":[{"href":"https:\/\/edcelulares.com.br\/pt\/wp-json\/wp\/v2\/media?parent=10201"}],"wp:term":[{"taxonomy":"product_brand","embeddable":true,"href":"https:\/\/edcelulares.com.br\/pt\/wp-json\/wp\/v2\/product_brand?post=10201"},{"taxonomy":"product_cat","embeddable":true,"href":"https:\/\/edcelulares.com.br\/pt\/wp-json\/wp\/v2\/product_cat?post=10201"},{"taxonomy":"product_tag","embeddable":true,"href":"https:\/\/edcelulares.com.br\/pt\/wp-json\/wp\/v2\/product_tag?post=10201"}],"curies":[{"name":"wp","href":"https:\/\/api.w.org\/{rel}","templated":true}]}}