{"id":10191,"date":"2025-11-16T15:59:29","date_gmt":"2025-11-16T15:59:29","guid":{"rendered":"https:\/\/edcelulares.com.br\/?post_type=product&#038;p=10191"},"modified":"2025-11-18T22:37:56","modified_gmt":"2025-11-18T22:37:56","slug":"iphone-14-pro-128gb-seminovo-85-100","status":"publish","type":"product","link":"https:\/\/edcelulares.com.br\/pt\/produto\/iphone-14-pro-128gb-seminovo-85-100\/","title":{"rendered":"iPhone 14 Pro 128 GB \u2013 seminovo vitrine (sa\u00fade da bateria 85%-100%)"},"content":{"rendered":"<p data-start=\"387\" data-end=\"1202\">O iPhone 14 Pro 128 GB \u00e9 um aparelho <strong data-start=\"472\" data-end=\"495\">seminovo de vitrine<\/strong>, original Apple, totalmente testado e com funcionamento impec\u00e1vel.<br data-start=\"562\" data-end=\"565\" \/>A sa\u00fade da bateria se encontra entre <strong data-start=\"602\" data-end=\"616\">85% e 100%<\/strong>, dependendo da unidade dispon\u00edvel, garantindo boa autonomia e desempenho di\u00e1rio.<br data-start=\"697\" data-end=\"700\" \/>Este modelo traz o chip <strong data-start=\"724\" data-end=\"738\">A16 Bionic<\/strong>, que entrega performance de n\u00edvel profissional, excelente fluidez e efici\u00eancia energ\u00e9tica.<br data-start=\"829\" data-end=\"832\" \/>A tela <strong data-start=\"839\" data-end=\"867\">Super Retina XDR de 6,1\u2033<\/strong> oferece brilho intenso, pretos profundos, cores precisas e tecnologia ProMotion.<br data-start=\"948\" data-end=\"951\" \/>O sistema de c\u00e2meras Pro inclui um sensor principal de <strong data-start=\"1006\" data-end=\"1015\">48 MP<\/strong>, al\u00e9m de telefoto e ultra-wide de 12 MP, permitindo fotos e v\u00eddeos de alt\u00edssima qualidade.<br data-start=\"1106\" data-end=\"1109\" \/>A constru\u00e7\u00e3o premium combina <strong data-start=\"1138\" data-end=\"1156\">a\u00e7o inoxid\u00e1vel<\/strong> e <strong data-start=\"1159\" data-end=\"1179\">vidro resistente<\/strong>, com resist\u00eancia IP68.<\/p>\n<p data-start=\"1204\" data-end=\"1328\">\u2714\ufe0f Produto original<br data-start=\"1223\" data-end=\"1226\" \/>\u2714\ufe0f Totalmente testado<br data-start=\"1247\" data-end=\"1250\" \/>\u2714\ufe0f Sa\u00fade da bateria garantida entre 85% e 100%<br data-start=\"1296\" data-end=\"1299\" \/>\u2714\ufe0f Pronto para uso imediato<\/p>\n<p data-start=\"1330\" data-end=\"1411\">\u26a0\ufe0f Por ser seminovo de vitrine, <strong data-start=\"1362\" data-end=\"1410\">n\u00e3o acompanha cabo, manual ou caixa original<\/strong>.<\/p>","protected":false},"excerpt":{"rendered":"<p>iPhone 14 Pro 128 GB seminovo, original, sa\u00fade da bateria entre 85%-100%. Cores dispon\u00edveis: <strong data-start=\"1539\" data-end=\"1555\">preto e roxo<\/strong>.<\/p>","protected":false},"featured_media":10195,"comment_status":"open","ping_status":"closed","template":"","meta":{"_acf_changed":false,"om_disable_all_campaigns":false,"pagelayer_contact_templates":[],"_pagelayer_content":"","_monsterinsights_skip_tracking":false,"_monsterinsights_sitenote_active":false,"_monsterinsights_sitenote_note":"","_monsterinsights_sitenote_category":0},"product_brand":[236],"product_cat":[746],"product_tag":[455,261,653,258,677,466,676,635],"class_list":{"0":"post-10191","1":"product","2":"type-product","3":"status-publish","4":"has-post-thumbnail","6":"product_brand-iphone","7":"product_cat-celular-seminovo","8":"product_tag-128gb","9":"product_tag-apple","10":"product_tag-bateria-85-100","11":"product_tag-iphone","12":"product_tag-iphone-14-pro","13":"product_tag-preto","14":"product_tag-roxo","15":"product_tag-seminovo","17":"first","18":"instock","19":"sale","20":"taxable","21":"shipping-taxable","22":"purchasable","23":"product-type-variable"},"acf":{"sob_encomenda":false,"desconto_automatico":"100","desconto_ativo":false},"aioseo_notices":[],"_links":{"self":[{"href":"https:\/\/edcelulares.com.br\/pt\/wp-json\/wp\/v2\/product\/10191","targetHints":{"allow":["GET"]}}],"collection":[{"href":"https:\/\/edcelulares.com.br\/pt\/wp-json\/wp\/v2\/product"}],"about":[{"href":"https:\/\/edcelulares.com.br\/pt\/wp-json\/wp\/v2\/types\/product"}],"replies":[{"embeddable":true,"href":"https:\/\/edcelulares.com.br\/pt\/wp-json\/wp\/v2\/comments?post=10191"}],"wp:featuredmedia":[{"embeddable":true,"href":"https:\/\/edcelulares.com.br\/pt\/wp-json\/wp\/v2\/media\/10195"}],"wp:attachment":[{"href":"https:\/\/edcelulares.com.br\/pt\/wp-json\/wp\/v2\/media?parent=10191"}],"wp:term":[{"taxonomy":"product_brand","embeddable":true,"href":"https:\/\/edcelulares.com.br\/pt\/wp-json\/wp\/v2\/product_brand?post=10191"},{"taxonomy":"product_cat","embeddable":true,"href":"https:\/\/edcelulares.com.br\/pt\/wp-json\/wp\/v2\/product_cat?post=10191"},{"taxonomy":"product_tag","embeddable":true,"href":"https:\/\/edcelulares.com.br\/pt\/wp-json\/wp\/v2\/product_tag?post=10191"}],"curies":[{"name":"wp","href":"https:\/\/api.w.org\/{rel}","templated":true}]}}