{"id":10151,"date":"2025-11-16T00:02:38","date_gmt":"2025-11-16T00:02:38","guid":{"rendered":"https:\/\/edcelulares.com.br\/?post_type=product&#038;p=10151"},"modified":"2025-11-18T22:39:15","modified_gmt":"2025-11-18T22:39:15","slug":"iphone-15-128gb-seminovo-85-100-bateria","status":"publish","type":"product","link":"https:\/\/edcelulares.com.br\/pt\/produto\/iphone-15-128gb-seminovo-85-100-bateria\/","title":{"rendered":"iPhone 15 128 GB \u2012 seminovo vitrine (sa\u00fade da bateria 85%-100%)"},"content":{"rendered":"<p data-start=\"366\" data-end=\"1244\">O iPhone 15 128 GB \u00e9 um aparelho seminovo de vitrine, original, testado e com garantia de funcionamento total, pronto para uso imediato.<br data-start=\"527\" data-end=\"530\" \/>A sa\u00fade da bateria est\u00e1 garantida entre <strong data-start=\"570\" data-end=\"584\">85% e 100%<\/strong>, conforme lote \u2014 ao receber o aparelho, ele poder\u00e1 apresentar qualquer condi\u00e7\u00e3o dentro dessa faixa, o que garante boa autonomia.<br data-start=\"713\" data-end=\"716\" \/>Ele conta com o chip <strong data-start=\"737\" data-end=\"757\">Apple A16 Bionic<\/strong>, que entrega excelente desempenho para tarefas di\u00e1rias, jogos e produtividade. <span class=\"\" data-state=\"closed\"><span class=\"ms-1 inline-flex max-w-full items-center relative top-[-0.094rem] animate-[show_150ms_ease-in]\" data-testid=\"webpage-citation-pill\"><a class=\"flex h-4.5 overflow-hidden rounded-xl px-2 text-[9px] font-medium transition-colors duration-150 ease-in-out text-token-text-secondary! bg-[#F4F4F4]! dark:bg-[#303030]!\" href=\"https:\/\/support.apple.com\/pt-pt\/111831?utm_source=chatgpt.com\" target=\"_blank\" rel=\"noopener\"><span class=\"relative start-0 bottom-0 flex h-full w-full items-center\"><span class=\"flex h-4 w-full items-center justify-between\"><span class=\"max-w-[15ch] grow truncate overflow-hidden text-center\">Suporte Apple<\/span><span class=\"-me-1 flex h-full items-center rounded-full px-1 text-[#8F8F8F]\">+1<\/span><\/span><\/span><\/a><\/span><\/span><br data-start=\"874\" data-end=\"877\" \/>A tela Super Retina XDR de <strong data-start=\"904\" data-end=\"912\">6,1\u2033<\/strong> oferece alta fidelidade visual, com Dynamic Island, HDR e brilho intenso. <span class=\"\" data-state=\"closed\"><span class=\"ms-1 inline-flex max-w-full items-center relative top-[-0.094rem] animate-[show_150ms_ease-in]\" data-testid=\"webpage-citation-pill\"><a class=\"flex h-4.5 overflow-hidden rounded-xl px-2 text-[9px] font-medium transition-colors duration-150 ease-in-out text-token-text-secondary! bg-[#F4F4F4]! dark:bg-[#303030]!\" href=\"https:\/\/support.apple.com\/pt-pt\/111831?utm_source=chatgpt.com\" target=\"_blank\" rel=\"noopener\"><span class=\"relative start-0 bottom-0 flex h-full w-full items-center\"><span class=\"flex h-4 w-full items-center justify-between\"><span class=\"max-w-[15ch] grow truncate overflow-hidden text-center\">Suporte Apple<\/span><span class=\"-me-1 flex h-full items-center rounded-full px-1 text-[#8F8F8F]\">+1<\/span><\/span><\/span><\/a><\/span><\/span><br data-start=\"1024\" data-end=\"1027\" \/>O corpo \u00e9 constru\u00eddo com estrutura de <strong data-start=\"1065\" data-end=\"1077\">alum\u00ednio<\/strong> e prote\u00e7\u00e3o frontal em <strong data-start=\"1100\" data-end=\"1118\">Ceramic Shield<\/strong>, al\u00e9m de traseira em vidro colorido por infus\u00e3o. <span class=\"\" data-state=\"closed\"><span class=\"ms-1 inline-flex max-w-full items-center relative top-[-0.094rem] animate-[show_150ms_ease-in]\" data-testid=\"webpage-citation-pill\"><a class=\"flex h-4.5 overflow-hidden rounded-xl px-2 text-[9px] font-medium transition-colors duration-150 ease-in-out text-token-text-secondary! bg-[#F4F4F4]! dark:bg-[#303030]!\" href=\"https:\/\/support.apple.com\/pt-pt\/111831?utm_source=chatgpt.com\" target=\"_blank\" rel=\"noopener\"><span class=\"relative start-0 bottom-0 flex h-full w-full items-center\"><span class=\"flex h-4 w-full items-center justify-between overflow-hidden\"><span class=\"max-w-[15ch] grow truncate overflow-hidden text-center\">Suporte Apple<\/span><\/span><\/span><\/a><\/span><\/span><br data-start=\"1205\" data-end=\"1208\" \/>No sistema de c\u00e2meras, ele possui:<\/p>\n<ul data-start=\"1245\" data-end=\"1573\">\n<li data-start=\"1245\" data-end=\"1374\">\n<p data-start=\"1247\" data-end=\"1374\">Lente principal de 48 MP (grande-angular) com estabiliza\u00e7\u00e3o por deslocamento de sensor. <span class=\"\" data-state=\"closed\"><span class=\"ms-1 inline-flex max-w-full items-center relative top-[-0.094rem] animate-[show_150ms_ease-in]\" data-testid=\"webpage-citation-pill\"><a class=\"flex h-4.5 overflow-hidden rounded-xl px-2 text-[9px] font-medium transition-colors duration-150 ease-in-out text-token-text-secondary! bg-[#F4F4F4]! dark:bg-[#303030]!\" href=\"https:\/\/support.apple.com\/pt-pt\/111831?utm_source=chatgpt.com\" target=\"_blank\" rel=\"noopener\"><span class=\"relative start-0 bottom-0 flex h-full w-full items-center\"><span class=\"flex h-4 w-full items-center justify-between overflow-hidden\"><span class=\"max-w-[15ch] grow truncate overflow-hidden text-center\">Suporte Apple<\/span><\/span><\/span><\/a><\/span><\/span><\/p>\n<\/li>\n<li data-start=\"1375\" data-end=\"1573\">\n<p data-start=\"1377\" data-end=\"1573\">Lente ultra-wide de 12 MP para capturas amplas. <span class=\"\" data-state=\"closed\"><span class=\"ms-1 inline-flex max-w-full items-center relative top-[-0.094rem] animate-[show_150ms_ease-in]\" data-testid=\"webpage-citation-pill\"><a class=\"flex h-4.5 overflow-hidden rounded-xl px-2 text-[9px] font-medium transition-colors duration-150 ease-in-out text-token-text-secondary! bg-[#F4F4F4]! dark:bg-[#303030]!\" href=\"https:\/\/support.apple.com\/pt-pt\/111831?utm_source=chatgpt.com\" target=\"_blank\" rel=\"noopener\"><span class=\"relative start-0 bottom-0 flex h-full w-full items-center\"><span class=\"flex h-4 w-full items-center justify-between overflow-hidden\"><span class=\"max-w-[15ch] grow truncate overflow-hidden text-center\">Suporte Apple<\/span><\/span><\/span><\/a><\/span><\/span><br data-start=\"1462\" data-end=\"1465\" \/>A c\u00e2mera traz recursos como <strong data-start=\"1493\" data-end=\"1512\">Photonic Engine<\/strong>, <strong data-start=\"1514\" data-end=\"1529\">Deep Fusion<\/strong> e suporte a fotos de alt\u00edssima qualidade.<\/p>\n<\/li>\n<\/ul>\n<p data-start=\"1575\" data-end=\"1780\">\u2705 Produto original e testado<br data-start=\"1603\" data-end=\"1606\" \/>\u2705 Sa\u00fade da bateria entre 85%-100%<br data-start=\"1639\" data-end=\"1642\" \/>\u2705 Garantia de funcionamento total<br data-start=\"1675\" data-end=\"1678\" \/>\u2705 Pronto para uso imediato<br data-start=\"1704\" data-end=\"1707\" \/>\u26a0\ufe0f Por ser seminovo, pode n\u00e3o acompanhar cabo, manual ou caixa original<\/p>\n","protected":false},"excerpt":{"rendered":"<p>iPhone 15 128 GB seminovo de vitrine, original, com sa\u00fade de bateria entre 85%-100%. Dispon\u00edvel nas cores <strong data-start=\"1912\" data-end=\"1950\">preto, verde, rosa, azul e amarelo<\/strong>.<\/p>","protected":false},"featured_media":10156,"comment_status":"open","ping_status":"closed","template":"","meta":{"_acf_changed":false,"om_disable_all_campaigns":false,"pagelayer_contact_templates":[],"_pagelayer_content":"","_monsterinsights_skip_tracking":false,"_monsterinsights_sitenote_active":false,"_monsterinsights_sitenote_note":"","_monsterinsights_sitenote_category":0},"product_brand":[236],"product_cat":[746],"product_tag":[455,545,261,472,653,258,670,466,642,635,467],"class_list":{"0":"post-10151","1":"product","2":"type-product","3":"status-publish","4":"has-post-thumbnail","6":"product_brand-iphone","7":"product_cat-celular-seminovo","8":"product_tag-128gb","9":"product_tag-amarelo","10":"product_tag-apple","11":"product_tag-azul","12":"product_tag-bateria-85-100","13":"product_tag-iphone","14":"product_tag-iphone-15","15":"product_tag-preto","16":"product_tag-rosa","17":"product_tag-seminovo","18":"product_tag-verde","20":"first","21":"instock","22":"sale","23":"taxable","24":"shipping-taxable","25":"purchasable","26":"product-type-variable"},"acf":{"sob_encomenda":false,"desconto_automatico":"100","desconto_ativo":false},"aioseo_notices":[],"_links":{"self":[{"href":"https:\/\/edcelulares.com.br\/pt\/wp-json\/wp\/v2\/product\/10151","targetHints":{"allow":["GET"]}}],"collection":[{"href":"https:\/\/edcelulares.com.br\/pt\/wp-json\/wp\/v2\/product"}],"about":[{"href":"https:\/\/edcelulares.com.br\/pt\/wp-json\/wp\/v2\/types\/product"}],"replies":[{"embeddable":true,"href":"https:\/\/edcelulares.com.br\/pt\/wp-json\/wp\/v2\/comments?post=10151"}],"wp:featuredmedia":[{"embeddable":true,"href":"https:\/\/edcelulares.com.br\/pt\/wp-json\/wp\/v2\/media\/10156"}],"wp:attachment":[{"href":"https:\/\/edcelulares.com.br\/pt\/wp-json\/wp\/v2\/media?parent=10151"}],"wp:term":[{"taxonomy":"product_brand","embeddable":true,"href":"https:\/\/edcelulares.com.br\/pt\/wp-json\/wp\/v2\/product_brand?post=10151"},{"taxonomy":"product_cat","embeddable":true,"href":"https:\/\/edcelulares.com.br\/pt\/wp-json\/wp\/v2\/product_cat?post=10151"},{"taxonomy":"product_tag","embeddable":true,"href":"https:\/\/edcelulares.com.br\/pt\/wp-json\/wp\/v2\/product_tag?post=10151"}],"curies":[{"name":"wp","href":"https:\/\/api.w.org\/{rel}","templated":true}]}}