{"id":10144,"date":"2025-11-15T23:27:23","date_gmt":"2025-11-15T23:27:23","guid":{"rendered":"https:\/\/edcelulares.com.br\/?post_type=product&#038;p=10144"},"modified":"2025-11-18T22:39:53","modified_gmt":"2025-11-18T22:39:53","slug":"iphone-15-plus-128gb-seminovo-85-100-bateria","status":"publish","type":"product","link":"https:\/\/edcelulares.com.br\/pt\/produto\/iphone-15-plus-128gb-seminovo-85-100-bateria\/","title":{"rendered":"iPhone 15 Plus 128 GB \u2012 seminovo vitrine (sa\u00fade da bateria 85%-100%)"},"content":{"rendered":"<p data-start=\"372\" data-end=\"1355\">O iPhone 15 Plus 128 GB \u00e9 um aparelho seminovo de vitrine, original, testado e com garantia de funcionamento total, pronto para uso imediato.<br data-start=\"538\" data-end=\"541\" \/>A sa\u00fade da bateria est\u00e1 garantida entre <strong data-start=\"581\" data-end=\"595\">85% e 100%<\/strong>, conforme lote \u2014 quando voc\u00ea receber o aparelho, ele poder\u00e1 apresentar sa\u00fade de bateria dentro dessa faixa, oferecendo excelente autonomia.<br data-start=\"735\" data-end=\"738\" \/>Ele \u00e9 equipado com o <strong data-start=\"759\" data-end=\"784\">chip Apple A16 Bionic<\/strong>, que entrega desempenho eficiente e fluido para uso di\u00e1rio, jogos, produtividade e entretenimento. <span class=\"\" data-state=\"closed\"><span class=\"ms-1 inline-flex max-w-full items-center relative top-[-0.094rem] animate-[show_150ms_ease-in]\" data-testid=\"webpage-citation-pill\"><a class=\"flex h-4.5 overflow-hidden rounded-xl px-2 text-[9px] font-medium transition-colors duration-150 ease-in-out text-token-text-secondary! bg-[#F4F4F4]! dark:bg-[#303030]!\" href=\"https:\/\/support.apple.com\/pt-pt\/111830?utm_source=chatgpt.com\" target=\"_blank\" rel=\"noopener\"><span class=\"relative start-0 bottom-0 flex h-full w-full items-center\"><span class=\"flex h-4 w-full items-center justify-between\"><span class=\"max-w-[15ch] grow truncate overflow-hidden text-center\">Suporte Apple<\/span><span class=\"-me-1 flex h-full items-center rounded-full px-1 text-[#8F8F8F]\">+2<\/span><\/span><span class=\"flex h-4 w-full items-center justify-between absolute\"><span class=\"max-w-[15ch] grow truncate overflow-hidden text-center\">Suporte Apple<\/span><span class=\"-me-1 flex h-full items-center rounded-full px-1 text-[#8F8F8F]\">+2<\/span><\/span><\/span><\/a><\/span><\/span><br data-start=\"921\" data-end=\"924\" \/>A tela Super Retina XDR de <strong data-start=\"951\" data-end=\"959\">6,7\u2033<\/strong> proporciona uma experi\u00eancia visual imersiva, com resolu\u00e7\u00e3o de 2796 \u00d7 1290 px e brilho alto, ideal para consumo de v\u00eddeo, leitura e navega\u00e7\u00e3o. <span class=\"\" data-state=\"closed\"><span class=\"ms-1 inline-flex max-w-full items-center relative top-[-0.094rem] animate-[show_150ms_ease-in]\" data-testid=\"webpage-citation-pill\"><a class=\"flex h-4.5 overflow-hidden rounded-xl px-2 text-[9px] font-medium transition-colors duration-150 ease-in-out text-token-text-secondary! bg-[#F4F4F4]! dark:bg-[#303030]!\" href=\"https:\/\/support.apple.com\/pt-br\/111830?utm_source=chatgpt.com\" target=\"_blank\" rel=\"noopener\"><span class=\"relative start-0 bottom-0 flex h-full w-full items-center\"><span class=\"flex h-4 w-full items-center justify-between\"><span class=\"max-w-[15ch] grow truncate overflow-hidden text-center\">Suporte Apple<\/span><span class=\"-me-1 flex h-full items-center rounded-full px-1 text-[#8F8F8F]\">+1<\/span><\/span><\/span><\/a><\/span><\/span><br data-start=\"1139\" data-end=\"1142\" \/>A estrutura foi constru\u00edda em <strong data-start=\"1172\" data-end=\"1197\">alum\u00ednio aeroespacial<\/strong>, combinando leveza e resist\u00eancia, e a parte frontal conta com prote\u00e7\u00e3o Ceramic Shield. <span class=\"\" data-state=\"closed\"><span class=\"ms-1 inline-flex max-w-full items-center relative top-[-0.094rem] animate-[show_150ms_ease-in]\" data-testid=\"webpage-citation-pill\"><a class=\"flex h-4.5 overflow-hidden rounded-xl px-2 text-[9px] font-medium transition-colors duration-150 ease-in-out text-token-text-secondary! bg-[#F4F4F4]! dark:bg-[#303030]!\" href=\"https:\/\/support.apple.com\/pt-br\/111830?utm_source=chatgpt.com\" target=\"_blank\" rel=\"noopener\"><span class=\"relative start-0 bottom-0 flex h-full w-full items-center\"><span class=\"flex h-4 w-full items-center justify-between overflow-hidden\"><span class=\"max-w-[15ch] grow truncate overflow-hidden text-center\">Suporte Apple<\/span><\/span><\/span><\/a><\/span><\/span><br data-start=\"1322\" data-end=\"1325\" \/>O sistema de c\u00e2meras inclui:<\/p>\n<ul data-start=\"1356\" data-end=\"1689\">\n<li data-start=\"1356\" data-end=\"1483\">\n<p data-start=\"1358\" data-end=\"1483\">Uma lente principal de <strong data-start=\"1381\" data-end=\"1390\">48 MP<\/strong> com estabiliza\u00e7\u00e3o \u00f3ptica por deslocamento de sensor. <span class=\"\" data-state=\"closed\"><span class=\"ms-1 inline-flex max-w-full items-center relative top-[-0.094rem] animate-[show_150ms_ease-in]\" data-testid=\"webpage-citation-pill\"><a class=\"flex h-4.5 overflow-hidden rounded-xl px-2 text-[9px] font-medium transition-colors duration-150 ease-in-out text-token-text-secondary! bg-[#F4F4F4]! dark:bg-[#303030]!\" href=\"https:\/\/support.apple.com\/pt-pt\/111830?utm_source=chatgpt.com\" target=\"_blank\" rel=\"noopener\"><span class=\"relative start-0 bottom-0 flex h-full w-full items-center\"><span class=\"flex h-4 w-full items-center justify-between overflow-hidden\"><span class=\"max-w-[15ch] grow truncate overflow-hidden text-center\">Suporte Apple<\/span><\/span><\/span><\/a><\/span><\/span><\/p>\n<\/li>\n<li data-start=\"1484\" data-end=\"1689\">\n<p data-start=\"1486\" data-end=\"1689\">Uma lente ultra-wide de <strong data-start=\"1510\" data-end=\"1519\">12 MP<\/strong> para capturas amplas. <span class=\"\" data-state=\"closed\"><span class=\"ms-1 inline-flex max-w-full items-center relative top-[-0.094rem] animate-[show_150ms_ease-in]\" data-testid=\"webpage-citation-pill\"><a class=\"flex h-4.5 overflow-hidden rounded-xl px-2 text-[9px] font-medium transition-colors duration-150 ease-in-out text-token-text-secondary! bg-[#F4F4F4]! dark:bg-[#303030]!\" href=\"https:\/\/support.apple.com\/pt-br\/111830?utm_source=chatgpt.com\" target=\"_blank\" rel=\"noopener\"><span class=\"relative start-0 bottom-0 flex h-full w-full items-center\"><span class=\"flex h-4 w-full items-center justify-between overflow-hidden\"><span class=\"max-w-[15ch] grow truncate overflow-hidden text-center\">Suporte Apple<\/span><\/span><\/span><\/a><\/span><\/span><br data-start=\"1579\" data-end=\"1582\" \/>Essas c\u00e2meras trazem recursos avan\u00e7ados como Photonic Engine, Deep Fusion e suporte para v\u00eddeo em at\u00e9 4K.<\/p>\n<\/li>\n<\/ul>\n<p data-start=\"1691\" data-end=\"1915\">\u2705 Produto original e testado<br data-start=\"1719\" data-end=\"1722\" \/>\u2705 Sa\u00fade da bateria entre 85%-100%<br data-start=\"1755\" data-end=\"1758\" \/>\u2705 Garantia de funcionamento total<br data-start=\"1791\" data-end=\"1794\" \/>\u2705 Pronto para uso imediato<br data-start=\"1820\" data-end=\"1823\" \/>\u26a0\ufe0f Por se tratar de produto seminovo, pode <strong data-start=\"1866\" data-end=\"1915\">n\u00e3o acompanhar cabo, manual ou caixa original<\/strong><\/p>\n<p data-start=\"1917\" data-end=\"2085\">\n","protected":false},"excerpt":{"rendered":"<p>iPhone 15 Plus 128 GB seminovo de vitrine, original, com sa\u00fade de bateria entre 85%-100%. Dispon\u00edvel nas cores <strong data-start=\"2052\" data-end=\"2084\">preto, verde, rosa e amarelo<\/strong>.<\/p>","protected":false},"featured_media":10149,"comment_status":"open","ping_status":"closed","template":"","meta":{"_acf_changed":false,"om_disable_all_campaigns":false,"pagelayer_contact_templates":[],"_pagelayer_content":"","_monsterinsights_skip_tracking":false,"_monsterinsights_sitenote_active":false,"_monsterinsights_sitenote_note":"","_monsterinsights_sitenote_category":0},"product_brand":[236],"product_cat":[746],"product_tag":[455,545,261,653,258,449,466,642,635,467],"class_list":{"0":"post-10144","1":"product","2":"type-product","3":"status-publish","4":"has-post-thumbnail","6":"product_brand-iphone","7":"product_cat-celular-seminovo","8":"product_tag-128gb","9":"product_tag-amarelo","10":"product_tag-apple","11":"product_tag-bateria-85-100","12":"product_tag-iphone","13":"product_tag-iphone-15-plus","14":"product_tag-preto","15":"product_tag-rosa","16":"product_tag-seminovo","17":"product_tag-verde","19":"first","20":"instock","21":"sale","22":"taxable","23":"shipping-taxable","24":"purchasable","25":"product-type-variable"},"acf":{"sob_encomenda":false,"desconto_automatico":"100","desconto_ativo":false},"aioseo_notices":[],"_links":{"self":[{"href":"https:\/\/edcelulares.com.br\/pt\/wp-json\/wp\/v2\/product\/10144","targetHints":{"allow":["GET"]}}],"collection":[{"href":"https:\/\/edcelulares.com.br\/pt\/wp-json\/wp\/v2\/product"}],"about":[{"href":"https:\/\/edcelulares.com.br\/pt\/wp-json\/wp\/v2\/types\/product"}],"replies":[{"embeddable":true,"href":"https:\/\/edcelulares.com.br\/pt\/wp-json\/wp\/v2\/comments?post=10144"}],"wp:featuredmedia":[{"embeddable":true,"href":"https:\/\/edcelulares.com.br\/pt\/wp-json\/wp\/v2\/media\/10149"}],"wp:attachment":[{"href":"https:\/\/edcelulares.com.br\/pt\/wp-json\/wp\/v2\/media?parent=10144"}],"wp:term":[{"taxonomy":"product_brand","embeddable":true,"href":"https:\/\/edcelulares.com.br\/pt\/wp-json\/wp\/v2\/product_brand?post=10144"},{"taxonomy":"product_cat","embeddable":true,"href":"https:\/\/edcelulares.com.br\/pt\/wp-json\/wp\/v2\/product_cat?post=10144"},{"taxonomy":"product_tag","embeddable":true,"href":"https:\/\/edcelulares.com.br\/pt\/wp-json\/wp\/v2\/product_tag?post=10144"}],"curies":[{"name":"wp","href":"https:\/\/api.w.org\/{rel}","templated":true}]}}