{"id":10082,"date":"2025-11-15T15:32:14","date_gmt":"2025-11-15T15:32:14","guid":{"rendered":"https:\/\/edcelulares.com.br\/?post_type=product&#038;p=10082"},"modified":"2025-11-18T22:39:53","modified_gmt":"2025-11-18T22:39:53","slug":"iphone-16e-128-gb-%e2%80%92-seminovo-vitrine-saude-da-bateria-100","status":"publish","type":"product","link":"https:\/\/edcelulares.com.br\/pt\/produto\/iphone-16e-128-gb-%e2%80%92-seminovo-vitrine-saude-da-bateria-100\/","title":{"rendered":"iPhone 16e 128\u202fGB \u2012 seminovo vitrine (sa\u00fade da bateria 100%)"},"content":{"rendered":"<p>O iPhone\u202f16e\u202f128\u202fGB \u00e9 um aparelho seminovo de vitrine, original, testado e com garantia de funcionamento total, pronto para uso imediato.<br data-start=\"502\" data-end=\"505\" \/>A sa\u00fade da bateria est\u00e1 garantida em <strong data-start=\"542\" data-end=\"550\">100%<\/strong>, assegurando m\u00e1xima autonomia desde o primeiro uso.<br data-start=\"602\" data-end=\"605\" \/>Ele vem equipado com o chip Apple\u202fA18, que entrega um excelente equil\u00edbrio entre desempenho e efici\u00eancia energ\u00e9tica. <span class=\"\" data-state=\"closed\"><span class=\"ms-1 inline-flex max-w-full items-center relative top-[-0.094rem] animate-[show_150ms_ease-in]\" data-testid=\"webpage-citation-pill\"><a class=\"flex h-4.5 overflow-hidden rounded-xl px-2 text-[9px] font-medium transition-colors duration-150 ease-in-out text-token-text-secondary! bg-[#F4F4F4]! dark:bg-[#303030]!\" href=\"https:\/\/www.apple.com\/br\/newsroom\/2025\/02\/apple-debuts-iphone-16e-a-powerful-new-member-of-the-iphone-16-family\/?utm_source=chatgpt.com\" target=\"_blank\" rel=\"noopener\"><span class=\"relative start-0 bottom-0 flex h-full w-full items-center\"><span class=\"flex h-4 w-full items-center justify-between\"><span class=\"max-w-[15ch] grow truncate overflow-hidden text-center\">Apple<\/span><span class=\"-me-1 flex h-full items-center rounded-full px-1 text-[#8F8F8F]\">+1<\/span><\/span><\/span><\/a><\/span><\/span><br data-start=\"759\" data-end=\"762\" \/>Sua tela Super Retina\u202fXDR OLED de 6,1\u2033 \u00e9 brilhante, n\u00edtida e perfeita para v\u00eddeos, jogos e leitura. <span class=\"\" data-state=\"closed\"><span class=\"ms-1 inline-flex max-w-full items-center relative top-[-0.094rem] animate-[show_150ms_ease-in]\" data-testid=\"webpage-citation-pill\"><a class=\"flex h-4.5 overflow-hidden rounded-xl px-2 text-[9px] font-medium transition-colors duration-150 ease-in-out text-token-text-secondary! bg-[#F4F4F4]! dark:bg-[#303030]!\" href=\"https:\/\/www.apple.com\/br\/iphone-16e\/specs\/?utm_source=chatgpt.com\" target=\"_blank\" rel=\"noopener\"><span class=\"relative start-0 bottom-0 flex h-full w-full items-center\"><span class=\"flex h-4 w-full items-center justify-between overflow-hidden\"><span class=\"max-w-[15ch] grow truncate overflow-hidden text-center\">Apple<\/span><\/span><\/span><\/a><\/span><\/span><br data-start=\"899\" data-end=\"902\" \/>Resistente a \u00e1gua e poeira com certifica\u00e7\u00e3o <strong data-start=\"946\" data-end=\"954\">IP68<\/strong>, ele oferece durabilidade robusta. <span class=\"\" data-state=\"closed\"><span class=\"ms-1 inline-flex max-w-full items-center relative top-[-0.094rem] animate-[show_150ms_ease-in]\" data-testid=\"webpage-citation-pill\"><a class=\"flex h-4.5 overflow-hidden rounded-xl px-2 text-[9px] font-medium transition-colors duration-150 ease-in-out text-token-text-secondary! bg-[#F4F4F4]! dark:bg-[#303030]!\" href=\"https:\/\/support.apple.com\/pt-br\/122208?utm_source=chatgpt.com\" target=\"_blank\" rel=\"noopener\"><span class=\"relative start-0 bottom-0 flex h-full w-full items-center\"><span class=\"flex h-4 w-full items-center justify-between overflow-hidden\"><span class=\"max-w-[15ch] grow truncate overflow-hidden text-center\">Suporte Apple<\/span><\/span><\/span><\/a><\/span><\/span><br data-start=\"1027\" data-end=\"1030\" \/>O sistema de c\u00e2mera inclui um sensor principal de 48\u202fMP e uma lente telefoto 2\u00d7 de 12\u202fMP, com recursos como Photonic Engine, Deep Fusion e zoom digital de at\u00e9 10\u00d7. <span class=\"\" data-state=\"closed\"><span class=\"ms-1 inline-flex max-w-full items-center relative top-[-0.094rem] animate-[show_150ms_ease-in]\" data-testid=\"webpage-citation-pill\"><a class=\"flex h-4.5 overflow-hidden rounded-xl px-2 text-[9px] font-medium transition-colors duration-150 ease-in-out text-token-text-secondary! bg-[#F4F4F4]! dark:bg-[#303030]!\" href=\"https:\/\/www.apple.com\/br\/iphone-16e\/specs\/?utm_source=chatgpt.com\" target=\"_blank\" rel=\"noopener\"><span class=\"relative start-0 bottom-0 flex h-full w-full items-center\"><span class=\"flex h-4 w-full items-center justify-between overflow-hidden\"><span class=\"max-w-[15ch] grow truncate overflow-hidden text-center\">Apple<\/span><\/span><\/span><\/a><\/span><\/span><br data-start=\"1231\" data-end=\"1234\" \/>\u2705 Produto original e testado<br data-start=\"1262\" data-end=\"1265\" \/>\u2705 Sa\u00fade da bateria 100%<br data-start=\"1288\" data-end=\"1291\" \/>\u2705 Garantia de funcionamento total<br data-start=\"1324\" data-end=\"1327\" \/>\u2705 Pronto para uso imediato<br data-start=\"1353\" data-end=\"1356\" \/>\u26a0\ufe0f Por se tratar de produto seminovo, <strong data-start=\"1394\" data-end=\"1442\">n\u00e3o acompanha cabo, manual ou caixa original<\/strong><\/p>\n","protected":false},"excerpt":{"rendered":"<p>iPhone 16, 128\u202fGB seminovo de vitrine, original e testado, pronto para uso imediato. Sa\u00fade da bateria 100%, garantindo m\u00e1ximo desempenho. N\u00e3o acompanha cabo, manual ou caixa original.iPhone\u202f16e 128\u202fGB seminovo de vitrine, original e testado, com bateria em 100%, pronto para uso. N\u00e3o acompanha cabo, manual ou caixa original.<\/p>","protected":false},"featured_media":10099,"comment_status":"open","ping_status":"closed","template":"","meta":{"_acf_changed":false,"om_disable_all_campaigns":false,"pagelayer_contact_templates":[],"_pagelayer_content":"","_monsterinsights_skip_tracking":false,"_monsterinsights_sitenote_active":false,"_monsterinsights_sitenote_note":"","_monsterinsights_sitenote_category":0},"product_brand":[236],"product_cat":[746],"product_tag":[455,261,645,638,258,646,466,635],"class_list":{"0":"post-10082","1":"product","2":"type-product","3":"status-publish","4":"has-post-thumbnail","6":"product_brand-iphone","7":"product_cat-celular-seminovo","8":"product_tag-128gb","9":"product_tag-apple","10":"product_tag-bateria-100","11":"product_tag-celular-apple","12":"product_tag-iphone","13":"product_tag-iphone-16e","14":"product_tag-preto","15":"product_tag-seminovo","17":"first","18":"instock","19":"sale","20":"taxable","21":"shipping-taxable","22":"purchasable","23":"product-type-simple"},"acf":{"sob_encomenda":false,"desconto_automatico":"100","desconto_ativo":false},"aioseo_notices":[],"_links":{"self":[{"href":"https:\/\/edcelulares.com.br\/pt\/wp-json\/wp\/v2\/product\/10082","targetHints":{"allow":["GET"]}}],"collection":[{"href":"https:\/\/edcelulares.com.br\/pt\/wp-json\/wp\/v2\/product"}],"about":[{"href":"https:\/\/edcelulares.com.br\/pt\/wp-json\/wp\/v2\/types\/product"}],"replies":[{"embeddable":true,"href":"https:\/\/edcelulares.com.br\/pt\/wp-json\/wp\/v2\/comments?post=10082"}],"wp:featuredmedia":[{"embeddable":true,"href":"https:\/\/edcelulares.com.br\/pt\/wp-json\/wp\/v2\/media\/10099"}],"wp:attachment":[{"href":"https:\/\/edcelulares.com.br\/pt\/wp-json\/wp\/v2\/media?parent=10082"}],"wp:term":[{"taxonomy":"product_brand","embeddable":true,"href":"https:\/\/edcelulares.com.br\/pt\/wp-json\/wp\/v2\/product_brand?post=10082"},{"taxonomy":"product_cat","embeddable":true,"href":"https:\/\/edcelulares.com.br\/pt\/wp-json\/wp\/v2\/product_cat?post=10082"},{"taxonomy":"product_tag","embeddable":true,"href":"https:\/\/edcelulares.com.br\/pt\/wp-json\/wp\/v2\/product_tag?post=10082"}],"curies":[{"name":"wp","href":"https:\/\/api.w.org\/{rel}","templated":true}]}}