{"id":10073,"date":"2025-11-15T02:57:36","date_gmt":"2025-11-15T02:57:36","guid":{"rendered":"https:\/\/edcelulares.com.br\/?post_type=product&#038;p=10073"},"modified":"2025-11-18T22:39:53","modified_gmt":"2025-11-18T22:39:53","slug":"iphone-16-128-gb-seminovo-vitrine-saude-da-bateria-100","status":"publish","type":"product","link":"https:\/\/edcelulares.com.br\/pt\/produto\/iphone-16-128-gb-seminovo-vitrine-saude-da-bateria-100\/","title":{"rendered":"iPhone 16 128\u202f GB &#8211; seminovo vitrine (sa\u00fade da bateria 100%)"},"content":{"rendered":"<p data-start=\"434\" data-end=\"1043\">O iPhone\u202f16\u202f128\u202fGB \u00e9 um aparelho seminovo de vitrine, original, testado e com garantia de funcionamento total, pronto para uso imediato.<br data-start=\"595\" data-end=\"598\" \/>A sa\u00fade da bateria est\u00e1 garantida em <strong data-start=\"635\" data-end=\"643\">100%<\/strong>, garantindo autonomia m\u00e1xima desde a primeira utiliza\u00e7\u00e3o.<br data-start=\"701\" data-end=\"704\" \/>Equipado com o chip Apple\u202fA17, oferece desempenho extremo para aplicativos, jogos e tarefas profissionais.<br data-start=\"810\" data-end=\"813\" \/>A tela Super Retina\u202fXDR de 6,7\u201d proporciona cores vivas, contraste profundo e experi\u00eancia visual premium.<br data-start=\"918\" data-end=\"921\" \/>O sistema de c\u00e2meras garante fotos e v\u00eddeos de alt\u00edssima qualidade, mantendo a excel\u00eancia Apple esperada pelos usu\u00e1rios.<\/p>\n<p data-start=\"1045\" data-end=\"1251\">\u2705 Produto original e testado<br data-start=\"1073\" data-end=\"1076\" \/>\u2705 Sa\u00fade da bateria 100%<br data-start=\"1099\" data-end=\"1102\" \/>\u2705 Garantia de funcionamento total<br data-start=\"1135\" data-end=\"1138\" \/>\u2705 Pronto para uso imediato<br data-start=\"1164\" data-end=\"1167\" \/>\u26a0\ufe0f Por se tratar de produto seminovo, n\u00e3o acompanha cabo, manual ou caixa original<\/p>","protected":false},"excerpt":{"rendered":"<p>iPhone 16, 128\u202fGB seminovo de vitrine, original e testado, pronto para uso imediato. Sa\u00fade da bateria 100%, garantindo m\u00e1ximo desempenho. N\u00e3o acompanha cabo, manual ou caixa original.<\/p>","protected":false},"featured_media":10076,"comment_status":"open","ping_status":"closed","template":"","meta":{"_acf_changed":false,"om_disable_all_campaigns":false,"pagelayer_contact_templates":[],"_pagelayer_content":"","_monsterinsights_skip_tracking":false,"_monsterinsights_sitenote_active":false,"_monsterinsights_sitenote_note":"","_monsterinsights_sitenote_category":0},"product_brand":[236],"product_cat":[746],"product_tag":[455,261,472,645,638,258,644,466,642,635],"class_list":{"0":"post-10073","1":"product","2":"type-product","3":"status-publish","4":"has-post-thumbnail","6":"product_brand-iphone","7":"product_cat-celular-seminovo","8":"product_tag-128gb","9":"product_tag-apple","10":"product_tag-azul","11":"product_tag-bateria-100","12":"product_tag-celular-apple","13":"product_tag-iphone","14":"product_tag-iphone-16","15":"product_tag-preto","16":"product_tag-rosa","17":"product_tag-seminovo","19":"first","20":"instock","21":"sale","22":"taxable","23":"shipping-taxable","24":"purchasable","25":"product-type-variable"},"acf":{"sob_encomenda":false,"desconto_automatico":"100","desconto_ativo":false},"aioseo_notices":[],"_links":{"self":[{"href":"https:\/\/edcelulares.com.br\/pt\/wp-json\/wp\/v2\/product\/10073","targetHints":{"allow":["GET"]}}],"collection":[{"href":"https:\/\/edcelulares.com.br\/pt\/wp-json\/wp\/v2\/product"}],"about":[{"href":"https:\/\/edcelulares.com.br\/pt\/wp-json\/wp\/v2\/types\/product"}],"replies":[{"embeddable":true,"href":"https:\/\/edcelulares.com.br\/pt\/wp-json\/wp\/v2\/comments?post=10073"}],"wp:featuredmedia":[{"embeddable":true,"href":"https:\/\/edcelulares.com.br\/pt\/wp-json\/wp\/v2\/media\/10076"}],"wp:attachment":[{"href":"https:\/\/edcelulares.com.br\/pt\/wp-json\/wp\/v2\/media?parent=10073"}],"wp:term":[{"taxonomy":"product_brand","embeddable":true,"href":"https:\/\/edcelulares.com.br\/pt\/wp-json\/wp\/v2\/product_brand?post=10073"},{"taxonomy":"product_cat","embeddable":true,"href":"https:\/\/edcelulares.com.br\/pt\/wp-json\/wp\/v2\/product_cat?post=10073"},{"taxonomy":"product_tag","embeddable":true,"href":"https:\/\/edcelulares.com.br\/pt\/wp-json\/wp\/v2\/product_tag?post=10073"}],"curies":[{"name":"wp","href":"https:\/\/api.w.org\/{rel}","templated":true}]}}