{"id":10060,"date":"2025-11-15T00:44:09","date_gmt":"2025-11-15T00:44:09","guid":{"rendered":"https:\/\/edcelulares.com.br\/?post_type=product&#038;p=10060"},"modified":"2025-11-18T22:39:53","modified_gmt":"2025-11-18T22:39:53","slug":"iphone-16-plus-128-gb-seminovo-vitrine-saude-da-bateria-85%e2%80%91100","status":"publish","type":"product","link":"https:\/\/edcelulares.com.br\/pt\/produto\/iphone-16-plus-128-gb-seminovo-vitrine-saude-da-bateria-85%e2%80%91100\/","title":{"rendered":"iPhone 16\u202f Plus 128 GB &#8211; seminovo vitrine (sa\u00fade da bateria 85%\u2011100%)"},"content":{"rendered":"<p>O iPhone\u202f16\u202fPlus\u202f128\u202fGB \u00e9 um aparelho seminovo de vitrine, original, testado e com garantia de funcionamento total, pronto para uso imediato.<br data-start=\"641\" data-end=\"644\" \/>A sa\u00fade da bateria est\u00e1 garantida entre <strong data-start=\"684\" data-end=\"698\">85% e 100%<\/strong>, conforme lote \u2014 ou seja, ao chegar o aparelho poder\u00e1 apresentar sa\u00fade de bateria em qualquer condi\u00e7\u00e3o dentro dessa faixa, garantindo excelente autonomia.<br data-start=\"853\" data-end=\"856\" \/>Equipado com o chip Apple\u202fA18, oferece desempenho extremo em tarefas cotidianas, desde navega\u00e7\u00e3o at\u00e9 fotografia e jogos exigentes.<br data-start=\"986\" data-end=\"989\" \/>Com a tela Super\u202fRetina\u202fXDR de 6,7\u2033, proporciona cores vivas, contraste profundo e uma experi\u00eancia visual premium.<br data-start=\"1103\" data-end=\"1106\" \/>O sistema de c\u00e2meras duplo mant\u00e9m a excel\u00eancia Apple em fotos e v\u00eddeos de alta qualidade.<br data-start=\"1195\" data-end=\"1198\" \/>\u2705 Produto original e testado<br data-start=\"1226\" data-end=\"1229\" \/>\u2705 Sa\u00fade da bateria entre 85% e 100%<br data-start=\"1264\" data-end=\"1267\" \/>\u2705 Garantia de funcionamento total<br data-start=\"1300\" data-end=\"1303\" data-is-only-node=\"\" \/>\u2705 Pronto para uso imediato<br data-start=\"1329\" data-end=\"1332\" \/>\u26a0\ufe0f Por se tratar de produto seminovo, n\u00e3o acompanha cabo, manual ou caixa original<\/p>","protected":false},"excerpt":{"rendered":"<ul>\n<li>\n<p data-start=\"5179\" data-end=\"5284\">iPhone\u202f16\u202fPlus 128\u202fGB seminovo de vitrine, original e testado. Sa\u00fade da bateria entre 85%\u2011100%, pronto para uso imediato. N\u00e3o acompanha cabo, manual ou caixa original.<\/p>\n<\/li>\n<\/ul>","protected":false},"featured_media":10072,"comment_status":"open","ping_status":"closed","template":"","meta":{"_acf_changed":false,"om_disable_all_campaigns":false,"pagelayer_contact_templates":[],"_pagelayer_content":"","_monsterinsights_skip_tracking":false,"_monsterinsights_sitenote_active":false,"_monsterinsights_sitenote_note":"","_monsterinsights_sitenote_category":0},"product_brand":[236],"product_cat":[746],"product_tag":[455,261,637,638,258,641,466,642,635],"class_list":{"0":"post-10060","1":"product","2":"type-product","3":"status-publish","4":"has-post-thumbnail","6":"product_brand-iphone","7":"product_cat-celular-seminovo","8":"product_tag-128gb","9":"product_tag-apple","10":"product_tag-bateria-85100","11":"product_tag-celular-apple","12":"product_tag-iphone","13":"product_tag-iphone-16-plus","14":"product_tag-preto","15":"product_tag-rosa","16":"product_tag-seminovo","18":"first","19":"instock","20":"sale","21":"taxable","22":"shipping-taxable","23":"purchasable","24":"product-type-variable"},"acf":{"sob_encomenda":false,"desconto_automatico":"100","desconto_ativo":false},"aioseo_notices":[],"_links":{"self":[{"href":"https:\/\/edcelulares.com.br\/pt\/wp-json\/wp\/v2\/product\/10060","targetHints":{"allow":["GET"]}}],"collection":[{"href":"https:\/\/edcelulares.com.br\/pt\/wp-json\/wp\/v2\/product"}],"about":[{"href":"https:\/\/edcelulares.com.br\/pt\/wp-json\/wp\/v2\/types\/product"}],"replies":[{"embeddable":true,"href":"https:\/\/edcelulares.com.br\/pt\/wp-json\/wp\/v2\/comments?post=10060"}],"wp:featuredmedia":[{"embeddable":true,"href":"https:\/\/edcelulares.com.br\/pt\/wp-json\/wp\/v2\/media\/10072"}],"wp:attachment":[{"href":"https:\/\/edcelulares.com.br\/pt\/wp-json\/wp\/v2\/media?parent=10060"}],"wp:term":[{"taxonomy":"product_brand","embeddable":true,"href":"https:\/\/edcelulares.com.br\/pt\/wp-json\/wp\/v2\/product_brand?post=10060"},{"taxonomy":"product_cat","embeddable":true,"href":"https:\/\/edcelulares.com.br\/pt\/wp-json\/wp\/v2\/product_cat?post=10060"},{"taxonomy":"product_tag","embeddable":true,"href":"https:\/\/edcelulares.com.br\/pt\/wp-json\/wp\/v2\/product_tag?post=10060"}],"curies":[{"name":"wp","href":"https:\/\/api.w.org\/{rel}","templated":true}]}}