{"id":10056,"date":"2025-11-15T00:12:30","date_gmt":"2025-11-15T00:12:30","guid":{"rendered":"https:\/\/edcelulares.com.br\/?post_type=product&#038;p=10056"},"modified":"2025-12-29T14:51:33","modified_gmt":"2025-12-29T14:51:33","slug":"iphone-16-pro-128-gb-seminovo-vitrine-saude-da-bateria-85%e2%80%91100","status":"publish","type":"product","link":"https:\/\/edcelulares.com.br\/pt\/produto\/iphone-16-pro-128-gb-seminovo-vitrine-saude-da-bateria-85%e2%80%91100\/","title":{"rendered":"iPhone 16 Pro 128\u202f GB &#8211; seminovo vitrine (sa\u00fade da bateria 85%\u2011100%)"},"content":{"rendered":"<ul data-start=\"1168\" data-end=\"1688\">\n<li data-start=\"1533\" data-end=\"1688\">\n<p data-start=\"467\" data-end=\"1212\">O iPhone\u202f16\u202fPro\u202f128\u202fGB \u00e9 um aparelho seminovo de vitrine, original, testado e com garantia de funcionamento total, pronto para uso imediato.<br data-start=\"607\" data-end=\"610\" \/>A sa\u00fade da bateria est\u00e1 garantida entre <strong data-start=\"650\" data-end=\"664\">85% e 100%<\/strong>, conforme lote \u2014 ou seja, ao chegar o aparelho, poder\u00e1 apresentar sa\u00fade de bateria em qualquer condi\u00e7\u00e3o dentro dessa faixa, garantindo boa autonomia.<br data-start=\"814\" data-end=\"817\" \/>Equipado com o chip Apple\u202fA18\u202fPro, ele oferece desempenho extremo em todas as tarefas, desde fotografia profissional at\u00e9 aplicativos e jogos mais exigentes.<br data-start=\"973\" data-end=\"976\" \/>A tela Super Retina\u202fXDR de 6,3\u201d proporciona cores vivas, contraste profundo e uma experi\u00eancia visual premium.<br data-start=\"1085\" data-end=\"1088\" \/>O sistema de c\u00e2meras Pro garante fotos e v\u00eddeos de alt\u00edssima qualidade, mantendo a excel\u00eancia Apple que os usu\u00e1rios esperam.<\/p>\n<p data-start=\"1214\" data-end=\"1430\">\u2705 Produto original e testado<br data-start=\"1242\" data-end=\"1245\" \/>\u2705 Sa\u00fade da bateria entre 85% e 100%<br data-start=\"1280\" data-end=\"1283\" \/>\u2705 Garantia de funcionamento total<br data-start=\"1316\" data-end=\"1319\" \/>\u2705 Pronto para uso imediato<br data-start=\"1345\" data-end=\"1348\" \/>\u26a0\ufe0f Por se tratar de produto seminovo, n\u00e3o acompanha cabo, manual ou caixa original<\/p>\n<\/li>\n<\/ul>","protected":false},"excerpt":{"rendered":"<ul>\n<li>\n<p data-start=\"5179\" data-end=\"5284\">iPhone 16 Pro 128\u202fGB seminovo de vitrine, original e testado, pronto para uso imediato. Sa\u00fade da bateria entre 85% e 100%, garantindo excelente desempenho. N\u00e3o acompanha cabo, manual ou caixa original.<\/p>\n<\/li>\n<\/ul>","protected":false},"featured_media":9288,"comment_status":"open","ping_status":"closed","template":"","meta":{"_acf_changed":false,"om_disable_all_campaigns":false,"pagelayer_contact_templates":[],"_pagelayer_content":"","_monsterinsights_skip_tracking":false,"_monsterinsights_sitenote_active":false,"_monsterinsights_sitenote_note":"","_monsterinsights_sitenote_category":0},"product_brand":[236],"product_cat":[746],"product_tag":[455,261,637,638,258,634,635,636],"class_list":{"0":"post-10056","1":"product","2":"type-product","3":"status-publish","4":"has-post-thumbnail","6":"product_brand-iphone","7":"product_cat-celular-seminovo","8":"product_tag-128gb","9":"product_tag-apple","10":"product_tag-bateria-85100","11":"product_tag-celular-apple","12":"product_tag-iphone","13":"product_tag-iphone-16-pro","14":"product_tag-seminovo","15":"product_tag-titanio-preto","17":"first","18":"instock","19":"sale","20":"taxable","21":"shipping-taxable","22":"purchasable","23":"product-type-variable"},"acf":{"sob_encomenda":false,"desconto_automatico":"100","desconto_ativo":true},"aioseo_notices":[],"_links":{"self":[{"href":"https:\/\/edcelulares.com.br\/pt\/wp-json\/wp\/v2\/product\/10056","targetHints":{"allow":["GET"]}}],"collection":[{"href":"https:\/\/edcelulares.com.br\/pt\/wp-json\/wp\/v2\/product"}],"about":[{"href":"https:\/\/edcelulares.com.br\/pt\/wp-json\/wp\/v2\/types\/product"}],"replies":[{"embeddable":true,"href":"https:\/\/edcelulares.com.br\/pt\/wp-json\/wp\/v2\/comments?post=10056"}],"wp:featuredmedia":[{"embeddable":true,"href":"https:\/\/edcelulares.com.br\/pt\/wp-json\/wp\/v2\/media\/9288"}],"wp:attachment":[{"href":"https:\/\/edcelulares.com.br\/pt\/wp-json\/wp\/v2\/media?parent=10056"}],"wp:term":[{"taxonomy":"product_brand","embeddable":true,"href":"https:\/\/edcelulares.com.br\/pt\/wp-json\/wp\/v2\/product_brand?post=10056"},{"taxonomy":"product_cat","embeddable":true,"href":"https:\/\/edcelulares.com.br\/pt\/wp-json\/wp\/v2\/product_cat?post=10056"},{"taxonomy":"product_tag","embeddable":true,"href":"https:\/\/edcelulares.com.br\/pt\/wp-json\/wp\/v2\/product_tag?post=10056"}],"curies":[{"name":"wp","href":"https:\/\/api.w.org\/{rel}","templated":true}]}}